{"id":406,"date":"2021-09-15T08:34:56","date_gmt":"2021-09-15T08:34:56","guid":{"rendered":"https:\/\/diseprosa.com\/?page_id=406"},"modified":"2021-11-05T17:05:10","modified_gmt":"2021-11-05T17:05:10","slug":"nuestros-clientes","status":"publish","type":"page","link":"https:\/\/diseprosa.com\/fr\/nuestros-clientes\/","title":{"rendered":"Nuestros Clientes"},"content":{"rendered":"\n[et_pb_section fb_built=\u00bb1&#8243; inner_shadow=\u00bbon\u00bb fullwidth=\u00bbon\u00bb _builder_version=\u00bb4.10.7&#8243; custom_margin=\u00bb||||false|false\u00bb custom_padding=\u00bb||||false|false\u00bb animation_style=\u00bbfade\u00bb animation_direction=\u00bbtop\u00bb animation_duration=\u00bb500ms\u00bb global_colors_info=\u00bb{}\u00bb][et_pb_fullwidth_header subhead=\u00bbNuestros Clientes\u00bb _builder_version=\u00bb4.11.3&#8243; title_font=\u00bb||||||||\u00bb title_font_size=\u00bb17px\u00bb title_letter_spacing=\u00bb4px\u00bb content_font=\u00bb||||||||\u00bb content_font_size=\u00bb20px\u00bb content_line_height=\u00bb1.8em\u00bb subhead_font=\u00bb|700|||||||\u00bb subhead_font_size=\u00bb40px\u00bb subhead_letter_spacing=\u00bb-1px\u00bb subhead_line_height=\u00bb2.1em\u00bb background_color=\u00bbrgba(255, 255, 255, 0)\u00bb use_background_color_gradient=\u00bbon\u00bb background_color_gradient_start=\u00bbrgba(48,48,48,0.08)\u00bb background_color_gradient_end=\u00bbrgba(0,0,0,0.47)\u00bb background_color_gradient_type=\u00bbradial\u00bb background_color_gradient_overlays_image=\u00bbon\u00bb background_image=\u00bbhttps:\/\/diseprosa.com\/wp-content\/uploads\/2021\/09\/clientes-scaled.jpg\u00bb custom_button_one=\u00bbon\u00bb button_one_text_size=\u00bb18px\u00bb button_one_bg_color=\u00bb#02d002&#8243; button_one_border_width=\u00bb8px\u00bb button_one_border_color=\u00bb#02d002&#8243; button_one_border_radius=\u00bb0px\u00bb button_one_letter_spacing=\u00bb1px\u00bb button_one_font=\u00bbLato|700|||||||\u00bb button_one_use_icon=\u00bboff\u00bb custom_margin=\u00bb|||0px|false|false\u00bb custom_padding=\u00bb190px||190px||false|false\u00bb custom_padding_tablet=\u00bb\u00bb custom_padding_phone=\u00bb50px||70px||false|false\u00bb custom_padding_last_edited=\u00bbon|phone\u00bb subhead_font_size_tablet=\u00bb\u00bb subhead_font_size_phone=\u00bb28px\u00bb subhead_font_size_last_edited=\u00bbon|phone\u00bb button_one_letter_spacing_hover=\u00bb1px\u00bb button_two_letter_spacing_hover=\u00bb1px\u00bb global_colors_info=\u00bb{}\u00bb button_one_text_size__hover_enabled=\u00bboff\u00bb button_two_text_size__hover_enabled=\u00bboff\u00bb button_one_text_color__hover_enabled=\u00bboff\u00bb button_two_text_color__hover_enabled=\u00bboff\u00bb button_one_border_width__hover_enabled=\u00bboff\u00bb button_two_border_width__hover_enabled=\u00bboff\u00bb button_one_border_color__hover_enabled=\u00bboff\u00bb button_two_border_color__hover_enabled=\u00bboff\u00bb button_one_border_radius__hover_enabled=\u00bboff\u00bb button_two_border_radius__hover_enabled=\u00bboff\u00bb button_one_letter_spacing__hover_enabled=\u00bbon\u00bb button_one_letter_spacing__hover=\u00bb1px\u00bb button_two_letter_spacing__hover_enabled=\u00bbon\u00bb button_two_letter_spacing__hover=\u00bb1px\u00bb button_one_bg_color__hover_enabled=\u00bboff\u00bb button_two_bg_color__hover_enabled=\u00bboff\u00bb][\/et_pb_fullwidth_header][\/et_pb_section][et_pb_section fb_built=\u00bb1&#8243; admin_label=\u00bbOur Story Section\u00bb _builder_version=\u00bb4.10.8&#8243; background_color=\u00bb#FFFFFF\u00bb custom_margin=\u00bb||||false|false\u00bb custom_padding=\u00bb40px||0px||false|false\u00bb box_shadow_style=\u00bbpreset6&#8243; global_colors_info=\u00bb{}\u00bb][et_pb_row use_custom_gutter=\u00bbon\u00bb _builder_version=\u00bb4.10.8&#8243; _module_preset=\u00bbdefault\u00bb module_alignment=\u00bbcenter\u00bb custom_margin=\u00bb|auto||auto|false|false\u00bb custom_padding=\u00bb0px||0px|||\u00bb global_colors_info=\u00bb{}\u00bb][et_pb_column type=\u00bb4_4&#8243; _builder_version=\u00bb4.10.7&#8243; _module_preset=\u00bbdefault\u00bb global_colors_info=\u00bb{}\u00bb][et_pb_text _builder_version=\u00bb4.10.7&#8243; _module_preset=\u00bbdefault\u00bb text_font=\u00bb|600|||||||\u00bb text_font_size=\u00bb19px\u00bb header_2_font=\u00bb||||||||\u00bb header_2_letter_spacing=\u00bb-0.2px\u00bb custom_padding=\u00bb||0px|||\u00bb global_colors_info=\u00bb{}\u00bb]<h2 style=\"text-align: left;\">Nuestros Clientes<\/h2>\n<p style=\"text-align: left;\">(Referencias m\u00e1s importantes)<\/p>[\/et_pb_text][\/et_pb_column][\/et_pb_row][et_pb_row column_structure=\u00bb1_3,1_3,1_3&#8243; make_equal=\u00bbon\u00bb _builder_version=\u00bb4.11.3&#8243; _module_preset=\u00bbdefault\u00bb module_alignment=\u00bbcenter\u00bb custom_margin=\u00bb||||false|false\u00bb custom_padding=\u00bb||80px||false|false\u00bb custom_css_main_element=\u00bbdisplay:flex;\u00bb global_colors_info=\u00bb{}\u00bb][et_pb_column type=\u00bb1_3&#8243; _builder_version=\u00bb4.10.8&#8243; _module_preset=\u00bbdefault\u00bb global_colors_info=\u00bb{}\u00bb][et_pb_testimonial portrait_url=\u00bbhttps:\/\/diseprosa.com\/wp-content\/uploads\/2021\/09\/exolum-presencia-espana.png\u00bb quote_icon=\u00bboff\u00bb portrait_width=\u00bb200px\u00bb _builder_version=\u00bb4.11.3&#8243; _module_preset=\u00bbdefault\u00bb body_text_align=\u00bbleft\u00bb body_font_size=\u00bb15px\u00bb custom_margin=\u00bb||||false|false\u00bb custom_padding=\u00bb||||false|false\u00bb custom_padding_tablet=\u00bb\u00bb custom_padding_phone=\u00bb||||false|false\u00bb custom_padding_last_edited=\u00bbon|phone\u00bb border_radii_portrait=\u00bbon|0px|0px|0px|0px\u00bb border_color_all_portrait=\u00bb#0B793D\u00bb box_shadow_style=\u00bbpreset2&#8243; box_shadow_style_image=\u00bbpreset1&#8243; global_colors_info=\u00bb{}\u00bb]<p><span>Marca elegida por el Grupo CLH para desarrollar sus actividades de almacenamiento, transporte y distribuci\u00f3n de combustibles e hidrocarburos.<\/span><\/p>[\/et_pb_testimonial][et_pb_testimonial portrait_url=\u00bbhttps:\/\/diseprosa.com\/wp-content\/uploads\/2021\/09\/ufg-presencia-espana.png\u00bb quote_icon=\u00bboff\u00bb portrait_width=\u00bb200px\u00bb _builder_version=\u00bb4.10.8&#8243; _module_preset=\u00bbdefault\u00bb body_text_align=\u00bbleft\u00bb body_font_size=\u00bb15px\u00bb border_radii_portrait=\u00bbon|0px|0px|0px|0px\u00bb border_color_all_portrait=\u00bb#0B793D\u00bb box_shadow_style=\u00bbpreset2&#8243; box_shadow_style_image=\u00bbpreset1&#8243; global_colors_info=\u00bb{}\u00bb]<p><span>Compa\u00f1\u00eda espa\u00f1ola dedicada a la importaci\u00f3n de gas natural y participada al 50% por la Italiana ENI, S.p.A y la espa\u00f1ola Naturgy Energy Group.\u00a0<\/span><\/p>[\/et_pb_testimonial][et_pb_testimonial portrait_url=\u00bbhttps:\/\/diseprosa.com\/wp-content\/uploads\/2021\/09\/perupetro-presencia-internacional.png\u00bb quote_icon=\u00bboff\u00bb portrait_width=\u00bb200px\u00bb _builder_version=\u00bb4.10.8&#8243; _module_preset=\u00bbdefault\u00bb body_text_align=\u00bbleft\u00bb body_font_size=\u00bb15px\u00bb border_radii_portrait=\u00bbon|0px|0px|0px|0px\u00bb border_color_all_portrait=\u00bb#0B793D\u00bb box_shadow_style=\u00bbpreset2&#8243; box_shadow_style_image=\u00bbpreset1&#8243; global_colors_info=\u00bb{}\u00bb]<p><span>Perupetro<\/span><span> se encarga de promocionar, negociar, suscribir y supervisar contratos para la exploraci\u00f3n y explotaci\u00f3n de hidrocarburos en el Per\u00fa.<\/span><\/p>[\/et_pb_testimonial][et_pb_testimonial portrait_url=\u00bbhttps:\/\/diseprosa.com\/wp-content\/uploads\/2021\/09\/iberdrola-presencia-espana.png\u00bb quote_icon=\u00bboff\u00bb portrait_width=\u00bb200px\u00bb _builder_version=\u00bb4.10.8&#8243; _module_preset=\u00bbdefault\u00bb body_text_align=\u00bbleft\u00bb body_font_size=\u00bb15px\u00bb border_radii_portrait=\u00bbon|0px|0px|0px|0px\u00bb border_color_all_portrait=\u00bb#0B793D\u00bb box_shadow_style=\u00bbpreset2&#8243; box_shadow_style_image=\u00bbpreset1&#8243; global_colors_info=\u00bb{}\u00bb]<p>Iberdrola es un grupo empresarial con sede en Bilbao, dedicado a la producci\u00f3n, distribuci\u00f3n y comercializaci\u00f3n de energ\u00eda.<\/p>[\/et_pb_testimonial][et_pb_testimonial portrait_url=\u00bbhttps:\/\/diseprosa.com\/wp-content\/uploads\/2021\/09\/petronor-presencia-espana.png\u00bb quote_icon=\u00bboff\u00bb portrait_width=\u00bb200px\u00bb _builder_version=\u00bb4.10.8&#8243; _module_preset=\u00bbdefault\u00bb body_text_align=\u00bbleft\u00bb body_font_size=\u00bb15px\u00bb border_radii_portrait=\u00bbon|0px|0px|0px|0px\u00bb border_color_all_portrait=\u00bb#0B793D\u00bb box_shadow_style=\u00bbpreset2&#8243; box_shadow_style_image=\u00bbpreset1&#8243; global_colors_info=\u00bb{}\u00bb]<p>Empresa petrol\u00edfera espa\u00f1ola, cuyo objeto social es el refino y comercializaci\u00f3n de diferentes productos petrol\u00edferos.<\/p>[\/et_pb_testimonial][et_pb_testimonial portrait_url=\u00bbhttps:\/\/diseprosa.com\/wp-content\/uploads\/2021\/09\/orpic-presencia-internacional.png\u00bb quote_icon=\u00bboff\u00bb portrait_width=\u00bb200px\u00bb _builder_version=\u00bb4.10.8&#8243; _module_preset=\u00bbdefault\u00bb body_text_align=\u00bbleft\u00bb body_font_size=\u00bb15px\u00bb border_radii_portrait=\u00bbon|0px|0px|0px|0px\u00bb border_color_all_portrait=\u00bb#0B793D\u00bb box_shadow_style=\u00bbpreset2&#8243; box_shadow_style_image=\u00bbpreset1&#8243; global_colors_info=\u00bb{}\u00bb]<p>Orpic es una de las empresas m\u00e1s grandes y de m\u00e1s r\u00e1pido crecimiento de Om\u00e1n en la industria petrolera de Oriente Medio.<\/p>[\/et_pb_testimonial][et_pb_testimonial portrait_url=\u00bbhttps:\/\/diseprosa.com\/wp-content\/uploads\/2021\/09\/acciona-presencia-espana.png\u00bb quote_icon=\u00bboff\u00bb portrait_width=\u00bb200px\u00bb _builder_version=\u00bb4.10.8&#8243; _module_preset=\u00bbdefault\u00bb body_text_align=\u00bbleft\u00bb body_font_size=\u00bb15px\u00bb border_radii_portrait=\u00bbon|0px|0px|0px|0px\u00bb border_color_all_portrait=\u00bb#0B793D\u00bb box_shadow_style=\u00bbpreset2&#8243; box_shadow_style_image=\u00bbpreset1&#8243; global_colors_info=\u00bb{}\u00bb]<p>Empresa espa\u00f1ola de promoci\u00f3n y gesti\u00f3n de infraestructuras y energ\u00edas renovables. Tiene presencia en 65 pa\u00edses de los 5 continentes.<\/p>[\/et_pb_testimonial][\/et_pb_column][et_pb_column type=\u00bb1_3&#8243; _builder_version=\u00bb4.10.8&#8243; _module_preset=\u00bbdefault\u00bb global_colors_info=\u00bb{}\u00bb][et_pb_testimonial portrait_url=\u00bbhttps:\/\/diseprosa.com\/wp-content\/uploads\/2021\/09\/repsol-presencia-espana.png\u00bb quote_icon=\u00bboff\u00bb portrait_width=\u00bb200px\u00bb _builder_version=\u00bb4.12.1&#8243; _module_preset=\u00bbdefault\u00bb body_font_size=\u00bb15px\u00bb hover_enabled=\u00bb0&#8243; border_radii_portrait=\u00bbon|0px|0px|0px|0px\u00bb border_color_all_portrait=\u00bb#0B793D\u00bb box_shadow_style=\u00bbpreset2&#8243; box_shadow_style_image=\u00bbpreset1&#8243; global_colors_info=\u00bb{}\u00bb sticky_enabled=\u00bb0&#8243;]<p><span>Repsol es una multinacional petroqu\u00edmica y energ\u00e9tica espa\u00f1ola con sede en Madrid que cuenta con millones de clientes en el mundo.\u00a0<\/span><\/p>[\/et_pb_testimonial][et_pb_testimonial portrait_url=\u00bbhttps:\/\/diseprosa.com\/wp-content\/uploads\/2021\/09\/enagas-presencia-espana.png\u00bb quote_icon=\u00bboff\u00bb portrait_width=\u00bb200px\u00bb _builder_version=\u00bb4.10.8&#8243; _module_preset=\u00bbdefault\u00bb body_font_size=\u00bb15px\u00bb border_radii_portrait=\u00bbon|0px|0px|0px|0px\u00bb border_color_all_portrait=\u00bb#0B793D\u00bb box_shadow_style=\u00bbpreset2&#8243; box_shadow_style_image=\u00bbpreset1&#8243; global_colors_info=\u00bb{}\u00bb]<p><span>Acr\u00f3nimo de \u00abEmpresa Nacional del Gas\u00bb, e<\/span><span>s una compa\u00f1\u00eda de transporte de gas natural y Gestor T\u00e9cnico del Sistema Gasista de Espa\u00f1a.\u200b\u00a0<\/span><\/p>[\/et_pb_testimonial][et_pb_testimonial portrait_url=\u00bbhttps:\/\/diseprosa.com\/wp-content\/uploads\/2021\/09\/disa-presencia-espana.png\u00bb quote_icon=\u00bboff\u00bb portrait_width=\u00bb200px\u00bb _builder_version=\u00bb4.10.8&#8243; _module_preset=\u00bbdefault\u00bb body_font_size=\u00bb15px\u00bb border_radii_portrait=\u00bbon|0px|0px|0px|0px\u00bb border_color_all_portrait=\u00bb#0B793D\u00bb box_shadow_style=\u00bbpreset2&#8243; box_shadow_style_image=\u00bbpreset1&#8243; global_colors_info=\u00bb{}\u00bb]<p>Compa\u00f1\u00eda canaria de distribuci\u00f3n de productos energ\u00e9ticos y primer operador independiente de estaciones de servicio a nivel nacional.<\/p>[\/et_pb_testimonial][et_pb_testimonial portrait_url=\u00bbhttps:\/\/diseprosa.com\/wp-content\/uploads\/2021\/09\/campsa-presencia-espana.png\u00bb quote_icon=\u00bboff\u00bb portrait_width=\u00bb200px\u00bb _builder_version=\u00bb4.10.8&#8243; _module_preset=\u00bbdefault\u00bb body_font_size=\u00bb15px\u00bb border_radii_portrait=\u00bbon|0px|0px|0px|0px\u00bb border_color_all_portrait=\u00bb#0B793D\u00bb box_shadow_style=\u00bbpreset2&#8243; box_shadow_style_image=\u00bbpreset1&#8243; global_colors_info=\u00bb{}\u00bb]<p><span>Empresa petrol\u00edfera espa\u00f1ola fundada en 1927 que posteriormente paso a incorporarse a la compa\u00f1ia Repsol como marca comercial.<\/span><\/p>[\/et_pb_testimonial][et_pb_testimonial portrait_url=\u00bbhttps:\/\/diseprosa.com\/wp-content\/uploads\/2021\/09\/naftal-presencia-internacional.png\u00bb quote_icon=\u00bboff\u00bb portrait_width=\u00bb200px\u00bb _builder_version=\u00bb4.10.8&#8243; _module_preset=\u00bbdefault\u00bb body_font_size=\u00bb15px\u00bb border_radii_portrait=\u00bbon|0px|0px|0px|0px\u00bb border_color_all_portrait=\u00bb#0B793D\u00bb box_shadow_style=\u00bbpreset2&#8243; box_shadow_style_image=\u00bbpreset1&#8243; global_colors_info=\u00bb{}\u00bb]<p>Naftal es la principal empresa comercializadora de combustibles derivados del petr\u00f3leo para consumo interno en Argelia.<\/p>[\/et_pb_testimonial][et_pb_testimonial portrait_url=\u00bbhttps:\/\/diseprosa.com\/wp-content\/uploads\/2021\/09\/elecnor-presencia-espana.png\u00bb quote_icon=\u00bboff\u00bb portrait_width=\u00bb200px\u00bb _builder_version=\u00bb4.10.8&#8243; _module_preset=\u00bbdefault\u00bb body_font_size=\u00bb15px\u00bb border_radii_portrait=\u00bbon|0px|0px|0px|0px\u00bb border_color_all_portrait=\u00bb#0B793D\u00bb box_shadow_style=\u00bbpreset2&#8243; box_shadow_style_image=\u00bbpreset1&#8243; global_colors_info=\u00bb{}\u00bb]<p>Elecnor, originariamente Electrificaciones del Norte, es una empresa espa\u00f1ola de ingenier\u00eda fundada en Bilbao en 1958.<\/p>[\/et_pb_testimonial][et_pb_testimonial portrait_url=\u00bbhttps:\/\/diseprosa.com\/wp-content\/uploads\/2021\/09\/fcc-presencia-espana.png\u00bb quote_icon=\u00bboff\u00bb portrait_width=\u00bb200px\u00bb _builder_version=\u00bb4.10.8&#8243; _module_preset=\u00bbdefault\u00bb body_font_size=\u00bb15px\u00bb border_radii_portrait=\u00bbon|0px|0px|0px|0px\u00bb border_color_all_portrait=\u00bb#0B793D\u00bb box_shadow_style=\u00bbpreset2&#8243; box_shadow_style_image=\u00bbpreset1&#8243; global_colors_info=\u00bb{}\u00bb]<p>Fomento de Construcciones y Contratas es la matriz de uno de los mayores grupos europeos de infraestructura y servicios p\u00fablicos.<\/p>[\/et_pb_testimonial][\/et_pb_column][et_pb_column type=\u00bb1_3&#8243; _builder_version=\u00bb4.10.8&#8243; _module_preset=\u00bbdefault\u00bb global_colors_info=\u00bb{}\u00bb][et_pb_testimonial portrait_url=\u00bbhttps:\/\/diseprosa.com\/wp-content\/uploads\/2021\/09\/cepsa-presencia-espana.png\u00bb quote_icon=\u00bboff\u00bb portrait_width=\u00bb200px\u00bb _builder_version=\u00bb4.10.8&#8243; _module_preset=\u00bbdefault\u00bb body_font_size=\u00bb15px\u00bb border_radii_portrait=\u00bbon|0px|0px|0px|0px\u00bb border_color_all_portrait=\u00bb#0B793D\u00bb box_shadow_style=\u00bbpreset2&#8243; box_shadow_style_image=\u00bbpreset1&#8243; global_colors_info=\u00bb{}\u00bb]<p>Una compa\u00f1\u00eda energ\u00e9tica y qu\u00edmica, global y diversificada<span>\u00a0presente en toda la cadena de valor del petr\u00f3leo, de la qu\u00edmica y del gas.<\/span><\/p>[\/et_pb_testimonial][et_pb_testimonial portrait_url=\u00bbhttps:\/\/diseprosa.com\/wp-content\/uploads\/2021\/09\/vopak-presencia-internacional.png\u00bb quote_icon=\u00bboff\u00bb portrait_width=\u00bb200px\u00bb _builder_version=\u00bb4.10.8&#8243; _module_preset=\u00bbdefault\u00bb body_font_size=\u00bb15px\u00bb border_radii_portrait=\u00bbon|0px|0px|0px|0px\u00bb border_color_all_portrait=\u00bb#0B793D\u00bb box_shadow_style=\u00bbpreset2&#8243; box_shadow_style_image=\u00bbpreset1&#8243; global_colors_info=\u00bb{}\u00bb]<p><span>Una multinacional independiente holandesa que almacena y manipula productos qu\u00edmicos, petr\u00f3leo, gases, biocombustibles y vegoils.<\/span><\/p>[\/et_pb_testimonial][et_pb_testimonial portrait_url=\u00bbhttps:\/\/diseprosa.com\/wp-content\/uploads\/2021\/09\/petroguin-presencia-internacional.png\u00bb quote_icon=\u00bboff\u00bb portrait_width=\u00bb200px\u00bb _builder_version=\u00bb4.10.8&#8243; _module_preset=\u00bbdefault\u00bb body_font_size=\u00bb15px\u00bb border_radii_portrait=\u00bbon|0px|0px|0px|0px\u00bb border_color_all_portrait=\u00bb#0B793D\u00bb box_shadow_style=\u00bbpreset2&#8243; box_shadow_style_image=\u00bbpreset1&#8243; global_colors_info=\u00bb{}\u00bb]<p>Petroguin es una compa\u00f1ia nacional de Guinea Bissau, dedicada a la investigaci\u00f3n y explotaci\u00f3n de petr\u00f3leo y gas.<\/p>[\/et_pb_testimonial][et_pb_testimonial portrait_url=\u00bbhttps:\/\/diseprosa.com\/wp-content\/uploads\/2021\/09\/fertiberia-presencia-espana.png\u00bb quote_icon=\u00bboff\u00bb portrait_width=\u00bb200px\u00bb _builder_version=\u00bb4.10.8&#8243; _module_preset=\u00bbdefault\u00bb body_font_size=\u00bb15px\u00bb border_radii_portrait=\u00bbon|0px|0px|0px|0px\u00bb border_color_all_portrait=\u00bb#0B793D\u00bb box_shadow_style=\u00bbpreset2&#8243; box_shadow_style_image=\u00bbpreset1&#8243; global_colors_info=\u00bb{}\u00bb]<p>Empresa espa\u00f1ola del sector de la industria qu\u00edmica cuya actividad se centra en la elaboraci\u00f3n de fertilizantes, amon\u00edaco y otros productos.<\/p>[\/et_pb_testimonial][et_pb_testimonial portrait_url=\u00bbhttps:\/\/diseprosa.com\/wp-content\/uploads\/2021\/09\/petroperu-presencia-internacional.png\u00bb quote_icon=\u00bboff\u00bb portrait_width=\u00bb200px\u00bb _builder_version=\u00bb4.10.8&#8243; _module_preset=\u00bbdefault\u00bb body_font_size=\u00bb15px\u00bb border_radii_portrait=\u00bbon|0px|0px|0px|0px\u00bb border_color_all_portrait=\u00bb#0B793D\u00bb box_shadow_style=\u00bbpreset2&#8243; box_shadow_style_image=\u00bbpreset1&#8243; global_colors_info=\u00bb{}\u00bb]<p>Empresa estatal peruana, dedicada al transporte, refinaci\u00f3n, distribuci\u00f3n y comercializaci\u00f3n de combustibles y otros derivados del petr\u00f3leo.<\/p>[\/et_pb_testimonial][et_pb_testimonial portrait_url=\u00bbhttps:\/\/diseprosa.com\/wp-content\/uploads\/2021\/09\/abengoa-presencia-espana.png\u00bb quote_icon=\u00bboff\u00bb portrait_width=\u00bb200px\u00bb _builder_version=\u00bb4.10.8&#8243; _module_preset=\u00bbdefault\u00bb body_font_size=\u00bb15px\u00bb border_radii_portrait=\u00bbon|0px|0px|0px|0px\u00bb border_color_all_portrait=\u00bb#0B793D\u00bb box_shadow_style=\u00bbpreset2&#8243; box_shadow_style_image=\u00bbpreset1&#8243; global_colors_info=\u00bb{}\u00bb]<p>Multinacional espa\u00f1ola fundada en 1941 especializada en los sectores de infraestructuras, energ\u00eda y agua.<\/p>[\/et_pb_testimonial][\/et_pb_column][\/et_pb_row][\/et_pb_section]\n","protected":false},"excerpt":{"rendered":"<p>Nuestros Clientes (Referencias m\u00e1s importantes)Marca elegida por el Grupo CLH para desarrollar sus actividades de almacenamiento, transporte y distribuci\u00f3n de combustibles e hidrocarburos.Compa\u00f1\u00eda espa\u00f1ola dedicada a la importaci\u00f3n de gas natural y participada al 50% por la Italiana ENI, S.p.A y la espa\u00f1ola Naturgy Energy Group.\u00a0Perupetro se encarga de promocionar, negociar, suscribir y supervisar contratos [&hellip;]<\/p>\n","protected":false},"author":1,"featured_media":408,"parent":0,"menu_order":0,"comment_status":"closed","ping_status":"closed","template":"","meta":{"_et_pb_use_builder":"on","_et_pb_old_content":"","_et_gb_content_width":"","footnotes":""},"class_list":["post-406","page","type-page","status-publish","has-post-thumbnail","hentry"],"_links":{"self":[{"href":"https:\/\/diseprosa.com\/fr\/wp-json\/wp\/v2\/pages\/406","targetHints":{"allow":["GET"]}}],"collection":[{"href":"https:\/\/diseprosa.com\/fr\/wp-json\/wp\/v2\/pages"}],"about":[{"href":"https:\/\/diseprosa.com\/fr\/wp-json\/wp\/v2\/types\/page"}],"author":[{"embeddable":true,"href":"https:\/\/diseprosa.com\/fr\/wp-json\/wp\/v2\/users\/1"}],"replies":[{"embeddable":true,"href":"https:\/\/diseprosa.com\/fr\/wp-json\/wp\/v2\/comments?post=406"}],"version-history":[{"count":1,"href":"https:\/\/diseprosa.com\/fr\/wp-json\/wp\/v2\/pages\/406\/revisions"}],"predecessor-version":[{"id":1603,"href":"https:\/\/diseprosa.com\/fr\/wp-json\/wp\/v2\/pages\/406\/revisions\/1603"}],"wp:featuredmedia":[{"embeddable":true,"href":"https:\/\/diseprosa.com\/fr\/wp-json\/wp\/v2\/media\/408"}],"wp:attachment":[{"href":"https:\/\/diseprosa.com\/fr\/wp-json\/wp\/v2\/media?parent=406"}],"curies":[{"name":"wp","href":"https:\/\/api.w.org\/{rel}","templated":true}]}}