{"id":3884,"date":"2024-04-18T14:24:27","date_gmt":"2024-04-18T14:24:27","guid":{"rendered":"https:\/\/diseprosa.com\/?page_id=3884"},"modified":"2024-04-22T12:25:08","modified_gmt":"2024-04-22T12:25:08","slug":"canal-denuncias","status":"publish","type":"page","link":"https:\/\/diseprosa.com\/fr\/contacto\/canal-denuncias\/","title":{"rendered":"Cha\u00eene de d\u00e9nonciation"},"content":{"rendered":"<p>[et_pb_section fb_built=\u00bb1&#8243; inner_shadow=\u00bbon\u00bb fullwidth=\u00bbon\u00bb _builder_version=\u00bb4.16&#8243; custom_margin=\u00bb||||false|false\u00bb custom_padding=\u00bb||||false|false\u00bb animation_style=\u00bbfade\u00bb animation_direction=\u00bbtop\u00bb animation_duration=\u00bb500ms\u00bb global_colors_info=\u00bb{}\u00bb][et_pb_fullwidth_header subhead=\u00bbContacto\u00bb _builder_version=\u00bb4.16&#8243; title_font=\u00bb||||||||\u00bb title_font_size=\u00bb17px\u00bb title_letter_spacing=\u00bb4px\u00bb content_font=\u00bb||||||||\u00bb content_font_size=\u00bb20px\u00bb content_line_height=\u00bb1.8em\u00bb subhead_font=\u00bb|700|||||||\u00bb subhead_font_size=\u00bb40px\u00bb subhead_letter_spacing=\u00bb-1px\u00bb subhead_line_height=\u00bb2.1em\u00bb background_color=\u00bbrgba(255, 255, 255, 0)\u00bb use_background_color_gradient=\u00bbon\u00bb background_color_gradient_type=\u00bbcircular\u00bb background_color_gradient_stops=\u00bbrgba(0,0,0,0) 0%|rgba(0,0,0,0.55) 100%\u00bb background_color_gradient_overlays_image=\u00bbon\u00bb background_color_gradient_start=\u00bbrgba(0,0,0,0)\u00bb background_color_gradient_end=\u00bbrgba(0,0,0,0.55)\u00bb background_image=\u00bbhttps:\/\/diseprosa.com\/wp-content\/uploads\/2021\/09\/contacto.jpg\u00bb custom_button_one=\u00bbon\u00bb button_one_text_size=\u00bb18px\u00bb button_one_bg_color=\u00bb#02d002&#8243; button_one_border_width=\u00bb8px\u00bb button_one_border_color=\u00bb#02d002&#8243; button_one_border_radius=\u00bb0px\u00bb button_one_letter_spacing=\u00bb1px\u00bb button_one_font=\u00bbLato|700|||||||\u00bb button_one_use_icon=\u00bboff\u00bb custom_margin=\u00bb|||0px|false|false\u00bb custom_padding=\u00bb190px||190px||false|false\u00bb custom_padding_tablet=\u00bb\u00bb custom_padding_phone=\u00bb50px||70px||false|false\u00bb custom_padding_last_edited=\u00bbon|phone\u00bb subhead_font_size_tablet=\u00bb\u00bb subhead_font_size_phone=\u00bb28px\u00bb subhead_font_size_last_edited=\u00bbon|phone\u00bb button_one_letter_spacing_hover=\u00bb1px\u00bb button_two_letter_spacing_hover=\u00bb1px\u00bb global_colors_info=\u00bb{}\u00bb button_one_text_size__hover_enabled=\u00bboff\u00bb button_two_text_size__hover_enabled=\u00bboff\u00bb button_one_text_color__hover_enabled=\u00bboff\u00bb button_two_text_color__hover_enabled=\u00bboff\u00bb button_one_border_width__hover_enabled=\u00bboff\u00bb button_two_border_width__hover_enabled=\u00bboff\u00bb button_one_border_color__hover_enabled=\u00bboff\u00bb button_two_border_color__hover_enabled=\u00bboff\u00bb button_one_border_radius__hover_enabled=\u00bboff\u00bb button_two_border_radius__hover_enabled=\u00bboff\u00bb button_one_letter_spacing__hover_enabled=\u00bbon\u00bb button_one_letter_spacing__hover=\u00bb1px\u00bb button_two_letter_spacing__hover_enabled=\u00bbon\u00bb button_two_letter_spacing__hover=\u00bb1px\u00bb button_one_bg_color__hover_enabled=\u00bboff\u00bb button_two_bg_color__hover_enabled=\u00bboff\u00bb][\/et_pb_fullwidth_header][\/et_pb_section][et_pb_section fb_built=\u00bb1&#8243; _builder_version=\u00bb4.16&#8243; _module_preset=\u00bbdefault\u00bb custom_padding=\u00bb0px||0px||false|false\u00bb global_colors_info=\u00bb{}\u00bb][et_pb_row use_custom_gutter=\u00bbon\u00bb gutter_width=\u00bb3&#8243; make_equal=\u00bbon\u00bb _builder_version=\u00bb4.16&#8243; _module_preset=\u00bbdefault\u00bb module_alignment=\u00bbcenter\u00bb custom_margin=\u00bb0px|auto||auto|false|false\u00bb custom_padding=\u00bb0px||0px||false|false\u00bb global_colors_info=\u00bb{}\u00bb][et_pb_column type=\u00bb4_4&#8243; _builder_version=\u00bb4.16&#8243; _module_preset=\u00bbdefault\u00bb custom_padding=\u00bb||||false|false\u00bb global_colors_info=\u00bb{}\u00bb][et_pb_code _builder_version=\u00bb4.24.3&#8243; _module_preset=\u00bbdefault\u00bb custom_margin=\u00bb0px||||false|false\u00bb custom_padding=\u00bb||||false|false\u00bb global_colors_info=\u00bb{}\u00bb]<\/p>\n<div class=\"submenu\"><!-- [et_pb_line_break_holder] --><\/p>\n<div class=\"submenuitem cerrado\"><a aria-current=\"page\" href=\"\/contacto\/\">Datos de contacto<\/a><!-- [et_pb_line_break_holder] -->\t<\/p>\n<div class=\"suelo-inactive\"><\/div>\n<\/div>\n<p><!-- [et_pb_line_break_holder] -->  <\/p>\n<div class=\"submenuitem cerrado\"><a aria-current=\"page\" href=\"\/contacto\/trabaja-con-nosotros\">Trabaja con nosotros<\/a><!-- [et_pb_line_break_holder] -->\t<\/p>\n<div class=\"suelo-inactive\"><\/div>\n<\/div>\n<p><!-- [et_pb_line_break_holder] -->\t<\/p>\n<div class=\"submenuitem abierto\"><a aria-current=\"page\" href=\"\/contacto\/canal-denuncias\">Canal de denuncias<\/a><!-- [et_pb_line_break_holder] -->\t<\/p>\n<div class=\"suelo-active\"><\/div>\n<\/div>\n<p><!-- [et_pb_line_break_holder] --><\/div>\n<p>[\/et_pb_code][\/et_pb_column][\/et_pb_row][\/et_pb_section][et_pb_section fb_built=\u00bb1&#8243; admin_label=\u00bbOur Story Section\u00bb _builder_version=\u00bb4.16&#8243; background_color=\u00bbrgba(247,247,247,0.57)\u00bb custom_margin=\u00bb||||false|false\u00bb custom_padding=\u00bb40px||0px||false|false\u00bb box_shadow_style=\u00bbpreset6&#8243; global_colors_info=\u00bb{}\u00bb][et_pb_row use_custom_gutter=\u00bbon\u00bb _builder_version=\u00bb4.16&#8243; _module_preset=\u00bbdefault\u00bb module_alignment=\u00bbcenter\u00bb custom_margin=\u00bb|auto||auto|false|false\u00bb custom_padding=\u00bb0px||0px|||\u00bb global_colors_info=\u00bb{}\u00bb][et_pb_column type=\u00bb4_4&#8243; _builder_version=\u00bb4.16&#8243; _module_preset=\u00bbdefault\u00bb global_colors_info=\u00bb{}\u00bb][et_pb_text _builder_version=\u00bb4.24.3&#8243; _module_preset=\u00bbdefault\u00bb text_font=\u00bb|600|||||||\u00bb text_font_size=\u00bb19px\u00bb header_2_font=\u00bb||||||||\u00bb header_2_letter_spacing=\u00bb-0.2px\u00bb custom_padding=\u00bb||0px|||\u00bb global_colors_info=\u00bb{}\u00bb]<\/p>\n<h2 style=\"text-align: left;\">Canal de denuncias interno.<\/h2>\n<p style=\"text-align: left;\">[\/et_pb_text][\/et_pb_column][\/et_pb_row][et_pb_row column_structure=\u00bb2_5,3_5&#8243; padding_top_bottom_link_2=\u00bbfalse\u00bb _builder_version=\u00bb4.16&#8243; custom_padding=\u00bb0px||80px|||\u00bb global_colors_info=\u00bb{}\u00bb][et_pb_column type=\u00bb2_5&#8243; _builder_version=\u00bb4.16&#8243; custom_padding=\u00bb|||\u00bb custom_padding_tablet=\u00bb0px||\u00bb custom_padding_last_edited=\u00bboff|desktop\u00bb global_colors_info=\u00bb{}\u00bb padding_tablet=\u00bb0px||\u00bb padding_last_edited=\u00bboff|desktop\u00bb custom_padding__hover=\u00bb|||\u00bb][et_pb_text _builder_version=\u00bb4.24.3&#8243; text_font=\u00bb||||||||\u00bb text_line_height=\u00bb2em\u00bb header_font=\u00bbFaustina||||||||\u00bb header_text_color=\u00bb#0e7162&#8243; header_font_size=\u00bb60px\u00bb header_line_height=\u00bb1.3em\u00bb global_colors_info=\u00bb{}\u00bb]<\/p>\n<p><strong><\/strong><\/p>\n<p>Dise\u00f1os y Proyectos Reunidos S.A. pone a tu disposici\u00f3n un canal interno para denunciar sospechas de mala conducta e irregularidades en nuestra organizaci\u00f3n.<\/p>\n<p>El objetivo de nuestro canal de informaci\u00f3n es ofrecer una v\u00eda segura para informar acerca de cualquier incumplimiento normativo incluido dentro del \u00e1mbito de aplicaci\u00f3n de la Ley 2\/2023 de protecci\u00f3n al informante, as\u00ed como brindar mayor protecci\u00f3n a las personas que denuncien infracciones normativas de buena fe.<\/p>\n<p>Mantendr\u00e1 su anonimato completamente al enviar una denuncia, a menos que, voluntariamente, proporcione informaci\u00f3n personal. No es obligatorio proporcionar ninguna informaci\u00f3n personal.<\/p>\n<p>[\/et_pb_text][\/et_pb_column][et_pb_column type=\u00bb3_5&#8243; _builder_version=\u00bb4.16&#8243; custom_padding=\u00bb24px|||\u00bb global_colors_info=\u00bb{}\u00bb custom_padding__hover=\u00bb|||\u00bb][et_pb_text _builder_version=\u00bb4.24.3&#8243; _module_preset=\u00bbdefault\u00bb custom_margin=\u00bb||5px||false|false\u00bb custom_padding=\u00bb||||false|false\u00bb global_colors_info=\u00bb{}\u00bb]<\/p>\n<h3><span style=\"color: #333333;\">Puedes acceder al portal an\u00f3nimo del canal de denuncias a trav\u00e9s de la url:<\/span><a href=\"https:\/\/canaldenuncias.diseprosa.com\/\" style=\"font-size: 16px;\"><\/a><\/h3>\n<h3><a href=\"https:\/\/canaldenuncias.diseprosa.com\/\" style=\"font-size: 16px;\">https:\/\/canaldenuncias.diseprosa.com\/<\/a><\/h3>\n<h3><span style=\"color: #333333;\"><\/span><\/h3>\n<p>[\/et_pb_text][et_pb_text _builder_version=\u00bb4.25.0&#8243; _module_preset=\u00bbdefault\u00bb custom_margin=\u00bb||4px|||\u00bb custom_padding=\u00bb||0px|||\u00bb hover_enabled=\u00bb0&#8243; global_colors_info=\u00bb{}\u00bb sticky_enabled=\u00bb0&#8243;]<\/p>\n<h3><span style=\"color: #333333;\">Puedes consultar las pol\u00edticas internas a trav\u00e9s de los siguientes enlaces:<\/span><a href=\"https:\/\/canaldenuncias.diseprosa.com\/\" style=\"font-size: 16px;\"><\/a><\/h3>\n<ul>\n<li><a href=\"https:\/\/diseprosa.com\/wp-content\/uploads\/2024\/04\/Protocolo-canal-denuncias.pdf\"><span style=\"color: #339966;\">Protocolo del canal de denuncias.<\/span><\/a><span style=\"color: #333333;\"><\/span><\/li>\n<li><a href=\"https:\/\/diseprosa.com\/wp-content\/uploads\/2024\/04\/Protocolo-acoso.pdf\"><span style=\"color: #339966;\">Protocolo de acoso.<\/span><\/a><\/li>\n<\/ul>\n<h3><span style=\"color: #333333;\"><\/span><\/h3>\n<p>[\/et_pb_text][et_pb_button button_url=\u00bbhttps:\/\/canaldenuncias.diseprosa.com\/\u00bb button_text=\u00bbAcceso al canal de denuncias\u00bb _builder_version=\u00bb4.24.3&#8243; _module_preset=\u00bbdefault\u00bb global_colors_info=\u00bb{}\u00bb][\/et_pb_button][\/et_pb_column][\/et_pb_row][\/et_pb_section]<\/p>\n","protected":false},"excerpt":{"rendered":"<p>Canal de denuncias interno. Dise\u00f1os y Proyectos Reunidos S.A. pone a tu disposici\u00f3n un canal interno para denunciar sospechas de mala conducta e irregularidades en nuestra organizaci\u00f3n. El objetivo de nuestro canal de informaci\u00f3n es ofrecer una v\u00eda segura para informar acerca de cualquier incumplimiento normativo incluido dentro del \u00e1mbito de aplicaci\u00f3n de la Ley [&hellip;]<\/p>\n","protected":false},"author":1,"featured_media":0,"parent":412,"menu_order":0,"comment_status":"closed","ping_status":"closed","template":"","meta":{"_et_pb_use_builder":"on","_et_pb_old_content":"","_et_gb_content_width":"","footnotes":""},"class_list":["post-3884","page","type-page","status-publish","hentry"],"_links":{"self":[{"href":"https:\/\/diseprosa.com\/fr\/wp-json\/wp\/v2\/pages\/3884","targetHints":{"allow":["GET"]}}],"collection":[{"href":"https:\/\/diseprosa.com\/fr\/wp-json\/wp\/v2\/pages"}],"about":[{"href":"https:\/\/diseprosa.com\/fr\/wp-json\/wp\/v2\/types\/page"}],"author":[{"embeddable":true,"href":"https:\/\/diseprosa.com\/fr\/wp-json\/wp\/v2\/users\/1"}],"replies":[{"embeddable":true,"href":"https:\/\/diseprosa.com\/fr\/wp-json\/wp\/v2\/comments?post=3884"}],"version-history":[{"count":9,"href":"https:\/\/diseprosa.com\/fr\/wp-json\/wp\/v2\/pages\/3884\/revisions"}],"predecessor-version":[{"id":3907,"href":"https:\/\/diseprosa.com\/fr\/wp-json\/wp\/v2\/pages\/3884\/revisions\/3907"}],"up":[{"embeddable":true,"href":"https:\/\/diseprosa.com\/fr\/wp-json\/wp\/v2\/pages\/412"}],"wp:attachment":[{"href":"https:\/\/diseprosa.com\/fr\/wp-json\/wp\/v2\/media?parent=3884"}],"curies":[{"name":"wp","href":"https:\/\/api.w.org\/{rel}","templated":true}]}}