{"id":3872,"date":"2024-04-03T09:46:00","date_gmt":"2024-04-03T09:46:00","guid":{"rendered":"https:\/\/diseprosa.com\/?page_id=3872"},"modified":"2024-04-03T09:51:44","modified_gmt":"2024-04-03T09:51:44","slug":"politica-de-privacidad","status":"publish","type":"page","link":"https:\/\/diseprosa.com\/fr\/politica-de-privacidad\/","title":{"rendered":"Pol\u00edtica de privacidad"},"content":{"rendered":"<p>Esta Pol\u00edtica de Privacidad describe las pol\u00edticas de Dise\u00f1os y Proyectos Reunidos S.A.  con domicilio social en C\/ Fuencarral 45, 5\u00ba, Madrid,, Espa\u00f1a, 28004 y email:diseprosa@diseprosa.com, tel\u00e9fono: +34915310606 sobre la recopilaci\u00f3n, uso y divulgaci\u00f3n de su informaci\u00f3n que recopilamos cuando utiliza nuestro sitio web ( https:\/\/diseprosa.com ). (el \u00abServicio\u00bb). Al acceder o utilizar el Servicio, usted consiente la recopilaci\u00f3n, uso y divulgaci\u00f3n de su informaci\u00f3n de acuerdo con esta Pol\u00edtica de Privacidad. Si no da su consentimiento, le rogamos que no acceda al Servicio ni lo utilice.<\/p>\n\n\n\n<p>Podemos modificar esta Pol\u00edtica de Privacidad en cualquier momento sin previo aviso y publicaremos la Pol\u00edtica de Privacidad revisada en el Servicio. La Pol\u00edtica revisada entrar\u00e1 en vigor a los 180 d\u00edas de su publicaci\u00f3n en el Servicio y su acceso o uso continuado del Servicio despu\u00e9s de dicho plazo constituir\u00e1 su aceptaci\u00f3n de la Pol\u00edtica de Privacidad revisada. Por lo tanto, le recomendamos que revise peri\u00f3dicamente esta p\u00e1gina.<\/p>\n\n\n\n<h3 class=\"wp-block-heading\">C\u00f3mo utilizamos su informaci\u00f3n.<\/h3>\n\n\n\n<p>Utilizaremos la informaci\u00f3n que recopilemos sobre usted para los siguientes fines:<\/p>\n\n\n\n<ul class=\"wp-block-list\">\n<li>Marketing\/Promoci\u00f3n.<\/li>\n\n\n\n<li>Selecci\u00f3n de personal.<\/li>\n<\/ul>\n\n\n\n<p>Si queremos utilizar su informaci\u00f3n para cualquier otro fin, le pediremos su consentimiento y utilizaremos su informaci\u00f3n s\u00f3lo cuando recibamos su consentimiento y, en ese caso, s\u00f3lo para el fin o fines para los que otorgamos el consentimiento, a menos que la ley nos obligue a hacer otra cosa.<\/p>\n\n\n\n<h3 class=\"wp-block-heading\">Sus derechos<\/h3>\n\n\n\n<p>En funci\u00f3n de la legislaci\u00f3n aplicable, usted puede tener derecho a acceder y rectificar o borrar sus datos personales o recibir una copia de los mismos, restringir u oponerse al tratamiento activo de sus datos, solicitarnos que compartamos (portemos) su informaci\u00f3n personal a otra entidad, retirar cualquier consentimiento que nos haya proporcionado para el tratamiento de sus datos, derecho a presentar una reclamaci\u00f3n ante una autoridad legal y otros derechos que puedan ser pertinentes en virtud de la legislaci\u00f3n aplicable. Para ejercer estos derechos, puede escribirnos a diseprosa@diseprosa.com. Responderemos a su solicitud de conformidad con la legislaci\u00f3n aplicable.<\/p>\n\n\n\n<p>Tenga en cuenta que si no nos permite recopilar o procesar la informaci\u00f3n personal requerida o retira el consentimiento para procesar la misma para los fines requeridos, es posible que no pueda acceder o utilizar los servicios para los que se solicit\u00f3 su informaci\u00f3n.<\/p>\n\n\n\n<h3 class=\"wp-block-heading\">Cookies, etc.<\/h3>\n\n\n\n<p>Este sitio web no utiliza cookies.<\/p>\n\n\n\n<h3 class=\"wp-block-heading\">Seguridad<\/h3>\n\n\n\n<p>La seguridad de su informaci\u00f3n es importante para nosotros y utilizaremos medidas de seguridad razonables para evitar la p\u00e9rdida, el uso indebido o la alteraci\u00f3n no autorizada de su informaci\u00f3n bajo nuestro control. Sin embargo, dados los riesgos inherentes, no podemos garantizar una seguridad absoluta y, en consecuencia, no podemos asegurar o garantizar la seguridad de cualquier informaci\u00f3n que nos transmita y usted lo hace bajo su propio riesgo.<\/p>\n\n\n\n<h3 class=\"wp-block-heading\">Enlaces de terceros y uso de su informaci\u00f3n<\/h3>\n\n\n\n<p>Nuestro Servicio puede contener enlaces a otros sitios web que no son operados por nosotros. Esta Pol\u00edtica de Privacidad no se refiere a la pol\u00edtica de privacidad y otras pr\u00e1cticas de terceros, incluyendo cualquier tercero que opere cualquier sitio web o servicio que pueda ser accesible a trav\u00e9s de un enlace en el Servicio. Le recomendamos encarecidamente que revise la pol\u00edtica de privacidad de cada sitio que visite. No tenemos ning\u00fan control ni asumimos ninguna responsabilidad por el contenido, las pol\u00edticas de privacidad o las pr\u00e1cticas de los sitios o servicios de terceros.<\/p>\n\n\n\n<h3 class=\"wp-block-heading\">Responsable de quejas y protecci\u00f3n de datos<\/h3>\n\n\n\n<p>Si tiene alguna duda o preocupaci\u00f3n sobre el tratamiento de la informaci\u00f3n de que dispone con nosotros, puede enviar un correo electr\u00f3nico a nuestro Responsable de Quejas a Dise\u00f1os y Proyectos Reunidos S.A. con domicilio social en C\/ Fuencarral 45, 5\u00ba, Madrid,, Espa\u00f1a, 28004 y email:diseprosa@diseprosa.com.\u00a0Atenderemos sus inquietudes de conformidad con la legislaci\u00f3n aplicable.<\/p>\n\n\n\n<p><\/p>\n\n\n\n<p><\/p>","protected":false},"excerpt":{"rendered":"<p>Esta Pol\u00edtica de Privacidad describe las pol\u00edticas de Dise\u00f1os y Proyectos Reunidos S.A. con domicilio social en C\/ Fuencarral 45, 5\u00ba, Madrid,, Espa\u00f1a, 28004 y email:diseprosa@diseprosa.com, tel\u00e9fono: +34915310606 sobre la recopilaci\u00f3n, uso y divulgaci\u00f3n de su informaci\u00f3n que recopilamos cuando utiliza nuestro sitio web ( https:\/\/diseprosa.com ). (el \u00abServicio\u00bb). Al acceder o utilizar el Servicio, [&hellip;]<\/p>\n","protected":false},"author":1,"featured_media":0,"parent":0,"menu_order":0,"comment_status":"closed","ping_status":"closed","template":"","meta":{"_et_pb_use_builder":"off","_et_pb_old_content":"","_et_gb_content_width":"1536","footnotes":""},"class_list":["post-3872","page","type-page","status-publish","hentry"],"_links":{"self":[{"href":"https:\/\/diseprosa.com\/fr\/wp-json\/wp\/v2\/pages\/3872","targetHints":{"allow":["GET"]}}],"collection":[{"href":"https:\/\/diseprosa.com\/fr\/wp-json\/wp\/v2\/pages"}],"about":[{"href":"https:\/\/diseprosa.com\/fr\/wp-json\/wp\/v2\/types\/page"}],"author":[{"embeddable":true,"href":"https:\/\/diseprosa.com\/fr\/wp-json\/wp\/v2\/users\/1"}],"replies":[{"embeddable":true,"href":"https:\/\/diseprosa.com\/fr\/wp-json\/wp\/v2\/comments?post=3872"}],"version-history":[{"count":3,"href":"https:\/\/diseprosa.com\/fr\/wp-json\/wp\/v2\/pages\/3872\/revisions"}],"predecessor-version":[{"id":3876,"href":"https:\/\/diseprosa.com\/fr\/wp-json\/wp\/v2\/pages\/3872\/revisions\/3876"}],"wp:attachment":[{"href":"https:\/\/diseprosa.com\/fr\/wp-json\/wp\/v2\/media?parent=3872"}],"curies":[{"name":"wp","href":"https:\/\/api.w.org\/{rel}","templated":true}]}}