{"id":172,"date":"2021-09-08T10:36:34","date_gmt":"2021-09-08T10:36:34","guid":{"rendered":"https:\/\/diseprosa.com\/?page_id=172"},"modified":"2021-11-05T17:11:32","modified_gmt":"2021-11-05T17:11:32","slug":"quienes-somos","status":"publish","type":"page","link":"https:\/\/diseprosa.com\/fr\/quienes-somos\/","title":{"rendered":"Qui\u00e9nes Somos"},"content":{"rendered":"\n[et_pb_section fb_built=\u00bb1&#8243; inner_shadow=\u00bbon\u00bb fullwidth=\u00bbon\u00bb _builder_version=\u00bb4.10.7&#8243; custom_margin=\u00bb||||false|false\u00bb custom_padding=\u00bb||||false|false\u00bb animation_style=\u00bbfade\u00bb animation_direction=\u00bbtop\u00bb animation_duration=\u00bb500ms\u00bb global_colors_info=\u00bb{}\u00bb][et_pb_fullwidth_header subhead=\u00bbQui\u00e9nes Somos\u00bb _builder_version=\u00bb4.11.3&#8243; title_font=\u00bb||||||||\u00bb title_font_size=\u00bb17px\u00bb title_letter_spacing=\u00bb4px\u00bb content_font=\u00bb||||||||\u00bb content_font_size=\u00bb20px\u00bb content_line_height=\u00bb1.8em\u00bb subhead_font=\u00bb|700|||||||\u00bb subhead_font_size=\u00bb40px\u00bb subhead_letter_spacing=\u00bb-1px\u00bb subhead_line_height=\u00bb2.1em\u00bb background_color=\u00bbrgba(255, 255, 255, 0)\u00bb use_background_color_gradient=\u00bbon\u00bb background_color_gradient_start=\u00bbrgba(0,0,0,0.18)\u00bb background_color_gradient_end=\u00bbrgba(0,0,0,0.6)\u00bb background_color_gradient_type=\u00bbradial\u00bb background_color_gradient_overlays_image=\u00bbon\u00bb background_image=\u00bbhttps:\/\/diseprosa.com\/wp-content\/uploads\/2021\/09\/asesoria-de-empresas-madrid-1024&#215;683-1.jpg\u00bb custom_button_one=\u00bbon\u00bb button_one_text_size=\u00bb18px\u00bb button_one_bg_color=\u00bb#02d002&#8243; button_one_border_width=\u00bb8px\u00bb button_one_border_color=\u00bb#02d002&#8243; button_one_border_radius=\u00bb0px\u00bb button_one_letter_spacing=\u00bb1px\u00bb button_one_font=\u00bbLato|700|||||||\u00bb button_one_use_icon=\u00bboff\u00bb custom_margin=\u00bb|||0px|false|false\u00bb custom_padding=\u00bb190px||190px||false|false\u00bb hover_enabled=\u00bb0&#8243; button_one_letter_spacing_hover=\u00bb1px\u00bb button_two_letter_spacing_hover=\u00bb1px\u00bb global_colors_info=\u00bb{}\u00bb button_one_text_size__hover_enabled=\u00bboff\u00bb button_two_text_size__hover_enabled=\u00bboff\u00bb button_one_text_color__hover_enabled=\u00bboff\u00bb button_two_text_color__hover_enabled=\u00bboff\u00bb button_one_border_width__hover_enabled=\u00bboff\u00bb button_two_border_width__hover_enabled=\u00bboff\u00bb button_one_border_color__hover_enabled=\u00bboff\u00bb button_two_border_color__hover_enabled=\u00bboff\u00bb button_one_border_radius__hover_enabled=\u00bboff\u00bb button_two_border_radius__hover_enabled=\u00bboff\u00bb button_one_letter_spacing__hover_enabled=\u00bbon\u00bb button_one_letter_spacing__hover=\u00bb1px\u00bb button_two_letter_spacing__hover_enabled=\u00bbon\u00bb button_two_letter_spacing__hover=\u00bb1px\u00bb button_one_bg_color__hover_enabled=\u00bboff\u00bb button_two_bg_color__hover_enabled=\u00bboff\u00bb custom_padding_last_edited=\u00bbon|phone\u00bb sticky_enabled=\u00bb0&#8243; custom_padding_phone=\u00bb50px||70px||false|false\u00bb subhead_font_size_last_edited=\u00bbon|phone\u00bb subhead_font_size_phone=\u00bb28px\u00bb][\/et_pb_fullwidth_header][\/et_pb_section][et_pb_section fb_built=\u00bb1&#8243; _builder_version=\u00bb4.10.8&#8243; _module_preset=\u00bbdefault\u00bb custom_padding=\u00bb0px||0px||false|false\u00bb global_colors_info=\u00bb{}\u00bb][et_pb_row use_custom_gutter=\u00bbon\u00bb gutter_width=\u00bb3&#8243; make_equal=\u00bbon\u00bb _builder_version=\u00bb4.10.8&#8243; _module_preset=\u00bbdefault\u00bb module_alignment=\u00bbcenter\u00bb custom_margin=\u00bb0px|auto||auto|false|false\u00bb custom_padding=\u00bb0px||0px||false|false\u00bb global_colors_info=\u00bb{}\u00bb][et_pb_column type=\u00bb4_4&#8243; _builder_version=\u00bb4.10.8&#8243; _module_preset=\u00bbdefault\u00bb custom_padding=\u00bb||||false|false\u00bb global_colors_info=\u00bb{}\u00bb][et_pb_code _builder_version=\u00bb4.10.8&#8243; _module_preset=\u00bbdefault\u00bb custom_margin=\u00bb0px||||false|false\u00bb custom_padding=\u00bb||||false|false\u00bb global_colors_info=\u00bb{}\u00bb]<div class=\"submenu\"><!-- [et_pb_line_break_holder] --><div class=\"submenuitem abierto\"><a aria-current=\"page\" href=\"\/quienes-somos\/sobre-nosotros\">Sobre Nosotros<\/a><!-- [et_pb_line_break_holder] -->\t<div class=\"suelo-active\" style=\"opacity: 1; transform: scaleX(1);\"><\/div><\/div><!-- [et_pb_line_break_holder] -->\t<div class=\"submenuitem cerrado\"><a aria-current=\"page\" href=\"\/quienes-somos\/nuestra-experiencia\">Nuestra Experiencia<\/a><!-- [et_pb_line_break_holder] -->\t<div class=\"suelo-inactive\" style=\"opacity: 1; transform: scaleX(1);\"><\/div><\/div><!-- [et_pb_line_break_holder] --><\/div>[\/et_pb_code][\/et_pb_column][\/et_pb_row][\/et_pb_section][et_pb_section fb_built=\u00bb1&#8243; admin_label=\u00bbOur Story Section\u00bb _builder_version=\u00bb4.11.3&#8243; background_color=\u00bbrgba(247,247,247,0.57)\u00bb custom_margin=\u00bb||||false|false\u00bb custom_padding=\u00bb40px||0px||false|false\u00bb hover_enabled=\u00bb0&#8243; box_shadow_style=\u00bbpreset6&#8243; global_colors_info=\u00bb{}\u00bb sticky_enabled=\u00bb0&#8243; custom_padding_last_edited=\u00bbon|phone\u00bb][et_pb_row use_custom_gutter=\u00bbon\u00bb _builder_version=\u00bb4.10.8&#8243; _module_preset=\u00bbdefault\u00bb module_alignment=\u00bbcenter\u00bb custom_margin=\u00bb|auto||auto|false|false\u00bb custom_padding=\u00bb0px||0px|||\u00bb global_colors_info=\u00bb{}\u00bb][et_pb_column type=\u00bb4_4&#8243; _builder_version=\u00bb4.10.7&#8243; _module_preset=\u00bbdefault\u00bb global_colors_info=\u00bb{}\u00bb][et_pb_text _builder_version=\u00bb4.10.8&#8243; _module_preset=\u00bbdefault\u00bb text_font=\u00bb|600|||||||\u00bb text_font_size=\u00bb19px\u00bb header_font=\u00bb|700|||||||\u00bb header_2_font=\u00bb|700|||||||\u00bb header_2_letter_spacing=\u00bb-1px\u00bb custom_margin=\u00bb||-14px|||\u00bb custom_padding=\u00bb||0px|||\u00bb global_colors_info=\u00bb{}\u00bb]<h2 style=\"text-align: left;\">Sobre Nosotros<\/h2>[\/et_pb_text][\/et_pb_column][\/et_pb_row][et_pb_row column_structure=\u00bb3_5,2_5&#8243; use_custom_gutter=\u00bbon\u00bb gutter_width=\u00bb1&#8243; make_equal=\u00bbon\u00bb admin_label=\u00bbOur Story Area\u00bb _builder_version=\u00bb4.11.3&#8243; custom_padding=\u00bb0px||100px||false|false\u00bb hover_enabled=\u00bb0&#8243; global_colors_info=\u00bb{}\u00bb sticky_enabled=\u00bb0&#8243;][et_pb_column type=\u00bb3_5&#8243; _builder_version=\u00bb4.10.7&#8243; custom_padding=\u00bb20px||||false|false\u00bb global_colors_info=\u00bb{}\u00bb custom_padding__hover=\u00bb|||\u00bb][et_pb_text _builder_version=\u00bb4.10.8&#8243; text_font=\u00bb||||||||\u00bb text_line_height=\u00bb1.8em\u00bb animation_direction=\u00bbleft\u00bb global_colors_info=\u00bb{}\u00bb]<p>DISE\u00d1OS Y PROYECTOS REUNIDOS, S.A<strong>,\u00a0<span style=\"color: #339966;\">DISEPROSA<\/span><\/strong> es una empresa espa\u00f1ola de Ingenier\u00eda y Consultor\u00eda, continuadora de la italiana <b>Progetti, <\/b>fundada en Madrid en el a\u00f1o 1.986.<\/p>\n<h3>Nuestras actividades<\/h3>\n<ul>\n<li>Proyectos Llave en Mano (EPC).<\/li>\n<li>Desarrollo Integral de Proyectos de Ingenier\u00eda.<\/li>\n<li>Servicios de PMC.<\/li>\n<li>Consultor\u00eda y Asistencia T\u00e9cnica, apoyo en campo.<\/li>\n<li>Consultor\u00eda Medioambiental.<\/li>\n<li>Asesoramiento T\u00e9cnico e Ingenier\u00eda para diferentes Gobiernos y Promotores.<\/li>\n<li>Supervisi\u00f3n y Puestas en Marcha<\/li>\n<\/ul>\n<p>Contamos con m\u00e1s de <b>600 referencias certificadas <\/b>de distintos proyectos de instalaciones de almacenamiento de hidrocarburos, en refiner\u00edas y petroqu\u00edmicas, obras de transporte lineal como oleoductos, gasoductos y redes de hidrantes en aeropuertos, redes de distribuci\u00f3n de gas e instalaciones portuarias para carga y descarga de buques<\/p>[\/et_pb_text][\/et_pb_column][et_pb_column type=\u00bb2_5&#8243; _builder_version=\u00bb4.11.3&#8243; custom_padding=\u00bb||||false|false\u00bb hover_enabled=\u00bb0&#8243; global_colors_info=\u00bb{}\u00bb custom_padding__hover=\u00bb|||\u00bb custom_padding_last_edited=\u00bbon|phone\u00bb sticky_enabled=\u00bb0&#8243; custom_padding_phone=\u00bb30px||||false|false\u00bb][et_pb_text _builder_version=\u00bb4.10.7&#8243; _module_preset=\u00bbdefault\u00bb global_colors_info=\u00bb{}\u00bb]<p style=\"text-align: center;\"><strong><span style=\"color: #339966;\">Nuestros OR\u00cdGENES<\/span><\/strong><\/p>[\/et_pb_text][et_pb_image src=\u00bbhttps:\/\/diseprosa.com\/wp-content\/uploads\/2021\/09\/Origen-diseprsoa.jpg\u00bb alt=\u00bbOrigen diseprosa\u00bb title_text=\u00bbOrigen diseprosa\u00bb align=\u00bbcenter\u00bb align_tablet=\u00bbcenter\u00bb align_phone=\u00bb\u00bb align_last_edited=\u00bbon|desktop\u00bb _builder_version=\u00bb4.10.8&#8243; max_width=\u00bb310px\u00bb module_alignment=\u00bbcenter\u00bb max_height=\u00bb450px\u00bb global_colors_info=\u00bb{}\u00bb][\/et_pb_image][\/et_pb_column][\/et_pb_row][\/et_pb_section]\n","protected":false},"excerpt":{"rendered":"<p>Sobre NosotrosDISE\u00d1OS Y PROYECTOS REUNIDOS, S.A,\u00a0DISEPROSA es una empresa espa\u00f1ola de Ingenier\u00eda y Consultor\u00eda, continuadora de la italiana Progetti, fundada en Madrid en el a\u00f1o 1.986. Nuestras actividades Proyectos Llave en Mano (EPC). Desarrollo Integral de Proyectos de Ingenier\u00eda. Servicios de PMC. Consultor\u00eda y Asistencia T\u00e9cnica, apoyo en campo. Consultor\u00eda Medioambiental. Asesoramiento T\u00e9cnico e Ingenier\u00eda [&hellip;]<\/p>\n","protected":false},"author":1,"featured_media":1186,"parent":0,"menu_order":0,"comment_status":"closed","ping_status":"closed","template":"","meta":{"_et_pb_use_builder":"on","_et_pb_old_content":"","_et_gb_content_width":"","footnotes":""},"class_list":["post-172","page","type-page","status-publish","has-post-thumbnail","hentry"],"_links":{"self":[{"href":"https:\/\/diseprosa.com\/fr\/wp-json\/wp\/v2\/pages\/172","targetHints":{"allow":["GET"]}}],"collection":[{"href":"https:\/\/diseprosa.com\/fr\/wp-json\/wp\/v2\/pages"}],"about":[{"href":"https:\/\/diseprosa.com\/fr\/wp-json\/wp\/v2\/types\/page"}],"author":[{"embeddable":true,"href":"https:\/\/diseprosa.com\/fr\/wp-json\/wp\/v2\/users\/1"}],"replies":[{"embeddable":true,"href":"https:\/\/diseprosa.com\/fr\/wp-json\/wp\/v2\/comments?post=172"}],"version-history":[{"count":1,"href":"https:\/\/diseprosa.com\/fr\/wp-json\/wp\/v2\/pages\/172\/revisions"}],"predecessor-version":[{"id":1610,"href":"https:\/\/diseprosa.com\/fr\/wp-json\/wp\/v2\/pages\/172\/revisions\/1610"}],"wp:featuredmedia":[{"embeddable":true,"href":"https:\/\/diseprosa.com\/fr\/wp-json\/wp\/v2\/media\/1186"}],"wp:attachment":[{"href":"https:\/\/diseprosa.com\/fr\/wp-json\/wp\/v2\/media?parent=172"}],"curies":[{"name":"wp","href":"https:\/\/api.w.org\/{rel}","templated":true}]}}