{"id":1013,"date":"2021-09-28T16:12:21","date_gmt":"2021-09-28T16:12:21","guid":{"rendered":"https:\/\/diseprosa.com\/?page_id=1013"},"modified":"2021-11-05T08:33:54","modified_gmt":"2021-11-05T08:33:54","slug":"presencia-espana","status":"publish","type":"page","link":"https:\/\/diseprosa.com\/fr\/donde-estamos\/presencia-espana\/","title":{"rendered":"Presencia en Espa\u00f1a"},"content":{"rendered":"\n[et_pb_section fb_built=\u00bb1&#8243; inner_shadow=\u00bbon\u00bb fullwidth=\u00bbon\u00bb _builder_version=\u00bb4.10.7&#8243; custom_margin=\u00bb||||false|false\u00bb custom_padding=\u00bb||||false|false\u00bb animation_style=\u00bbfade\u00bb animation_direction=\u00bbtop\u00bb animation_duration=\u00bb500ms\u00bb global_colors_info=\u00bb{}\u00bb][et_pb_fullwidth_header subhead=\u00bbD\u00f3nde Estamos\u00bb _builder_version=\u00bb4.11.3&#8243; title_font=\u00bb||||||||\u00bb title_font_size=\u00bb17px\u00bb title_letter_spacing=\u00bb4px\u00bb content_font=\u00bb||||||||\u00bb content_font_size=\u00bb20px\u00bb content_line_height=\u00bb1.8em\u00bb subhead_font=\u00bb|700|||||||\u00bb subhead_font_size=\u00bb40px\u00bb subhead_letter_spacing=\u00bb-1px\u00bb subhead_line_height=\u00bb2.1em\u00bb background_color=\u00bbrgba(255, 255, 255, 0)\u00bb use_background_color_gradient=\u00bbon\u00bb background_color_gradient_start=\u00bbrgba(0,0,0,0)\u00bb background_color_gradient_end=\u00bbrgba(0,0,0,0.26)\u00bb background_color_gradient_type=\u00bbradial\u00bb background_color_gradient_overlays_image=\u00bbon\u00bb background_image=\u00bbhttps:\/\/diseprosa.com\/wp-content\/uploads\/2021\/09\/worldwide.jpg\u00bb custom_button_one=\u00bbon\u00bb button_one_text_size=\u00bb18px\u00bb button_one_bg_color=\u00bb#02d002&#8243; button_one_border_width=\u00bb8px\u00bb button_one_border_color=\u00bb#02d002&#8243; button_one_border_radius=\u00bb0px\u00bb button_one_letter_spacing=\u00bb1px\u00bb button_one_font=\u00bbLato|700|||||||\u00bb button_one_use_icon=\u00bboff\u00bb custom_margin=\u00bb|||0px|false|false\u00bb custom_padding=\u00bb190px||190px||false|false\u00bb custom_padding_tablet=\u00bb\u00bb custom_padding_phone=\u00bb50px||70px||false|false\u00bb custom_padding_last_edited=\u00bbon|phone\u00bb subhead_font_size_tablet=\u00bb\u00bb subhead_font_size_phone=\u00bb28px\u00bb subhead_font_size_last_edited=\u00bbon|phone\u00bb button_one_letter_spacing_hover=\u00bb1px\u00bb button_two_letter_spacing_hover=\u00bb1px\u00bb global_colors_info=\u00bb{}\u00bb button_one_text_size__hover_enabled=\u00bboff\u00bb button_two_text_size__hover_enabled=\u00bboff\u00bb button_one_text_color__hover_enabled=\u00bboff\u00bb button_two_text_color__hover_enabled=\u00bboff\u00bb button_one_border_width__hover_enabled=\u00bboff\u00bb button_two_border_width__hover_enabled=\u00bboff\u00bb button_one_border_color__hover_enabled=\u00bboff\u00bb button_two_border_color__hover_enabled=\u00bboff\u00bb button_one_border_radius__hover_enabled=\u00bboff\u00bb button_two_border_radius__hover_enabled=\u00bboff\u00bb button_one_letter_spacing__hover_enabled=\u00bbon\u00bb button_one_letter_spacing__hover=\u00bb1px\u00bb button_two_letter_spacing__hover_enabled=\u00bbon\u00bb button_two_letter_spacing__hover=\u00bb1px\u00bb button_one_bg_color__hover_enabled=\u00bboff\u00bb button_two_bg_color__hover_enabled=\u00bboff\u00bb][\/et_pb_fullwidth_header][\/et_pb_section][et_pb_section fb_built=\u00bb1&#8243; _builder_version=\u00bb4.11.3&#8243; _module_preset=\u00bbdefault\u00bb custom_padding=\u00bb0px||0px||false|false\u00bb hover_enabled=\u00bb0&#8243; global_colors_info=\u00bb{}\u00bb disabled_on=\u00bboff|off|off\u00bb sticky_enabled=\u00bb0&#8243;][et_pb_row use_custom_gutter=\u00bbon\u00bb gutter_width=\u00bb3&#8243; make_equal=\u00bbon\u00bb _builder_version=\u00bb4.10.8&#8243; _module_preset=\u00bbdefault\u00bb module_alignment=\u00bbcenter\u00bb custom_margin=\u00bb0px|auto||auto|false|false\u00bb custom_padding=\u00bb0px||0px||false|false\u00bb global_colors_info=\u00bb{}\u00bb][et_pb_column type=\u00bb4_4&#8243; _builder_version=\u00bb4.10.8&#8243; _module_preset=\u00bbdefault\u00bb custom_padding=\u00bb||||false|false\u00bb global_colors_info=\u00bb{}\u00bb][et_pb_code _builder_version=\u00bb4.10.8&#8243; _module_preset=\u00bbdefault\u00bb custom_margin=\u00bb0px||||false|false\u00bb custom_padding=\u00bb||||false|false\u00bb global_colors_info=\u00bb{}\u00bb]<div class=\"submenu\"><!-- [et_pb_line_break_holder] --><div class=\"submenuitem cerrado\"><a aria-current=\"page\" href=\"\/donde-estamos\/\">Presencia Internacional<\/a><!-- [et_pb_line_break_holder] -->\t<div class=\"suelo-inactive\"><\/div><\/div><!-- [et_pb_line_break_holder] -->\t<div class=\"submenuitem abierto\"><a aria-current=\"page\" href=\"\/donde-estamos\/presencia-en-espana\">Presencia en Espa\u00f1a<\/a><!-- [et_pb_line_break_holder] -->\t<div class=\"suelo-active\"><\/div><\/div><!-- [et_pb_line_break_holder] --><\/div>[\/et_pb_code][\/et_pb_column][\/et_pb_row][\/et_pb_section][et_pb_section fb_built=\u00bb1&#8243; admin_label=\u00bbOur Story Section\u00bb _builder_version=\u00bb4.11.3&#8243; background_color=\u00bb#f7f7f7&#8243; background_image=\u00bbhttps:\/\/diseprosa.com\/wp-content\/uploads\/2021\/09\/silueta-peninsula-traspa30.png\u00bb background_size=\u00bbcontain\u00bb background_blend=\u00bbmultiply\u00bb custom_margin=\u00bb||||false|false\u00bb custom_padding=\u00bb40px||0px||false|false\u00bb background_last_edited=\u00bbon|tablet\u00bb background_enable_image_phone=\u00bboff\u00bb box_shadow_style=\u00bbpreset6&#8243; global_colors_info=\u00bb{}\u00bb][et_pb_row use_custom_gutter=\u00bbon\u00bb _builder_version=\u00bb4.10.8&#8243; _module_preset=\u00bbdefault\u00bb module_alignment=\u00bbcenter\u00bb custom_margin=\u00bb|auto||auto|false|false\u00bb custom_padding=\u00bb0px||0px|||\u00bb global_colors_info=\u00bb{}\u00bb][et_pb_column type=\u00bb4_4&#8243; _builder_version=\u00bb4.10.7&#8243; _module_preset=\u00bbdefault\u00bb global_colors_info=\u00bb{}\u00bb][et_pb_text _builder_version=\u00bb4.10.8&#8243; _module_preset=\u00bbdefault\u00bb text_font=\u00bb|600|||||||\u00bb text_font_size=\u00bb19px\u00bb header_2_font=\u00bb||||||||\u00bb header_2_letter_spacing=\u00bb-0.2px\u00bb custom_padding=\u00bb||0px|||\u00bb global_colors_info=\u00bb{}\u00bb]<h2 style=\"text-align: left;\">Posici\u00f3n en Espa\u00f1a<\/h2>\n<p style=\"text-align: left;\">Nuestros principales clientes.<\/p>[\/et_pb_text][\/et_pb_column][\/et_pb_row][et_pb_row column_structure=\u00bb1_4,1_4,1_4,1_4&#8243; use_custom_gutter=\u00bbon\u00bb admin_label=\u00bbOur Farmers Area\u00bb _builder_version=\u00bb4.11.2&#8243; custom_padding=\u00bb||100px|||\u00bb global_colors_info=\u00bb{}\u00bb][et_pb_column type=\u00bb1_4&#8243; _builder_version=\u00bb4.10.6&#8243; custom_padding=\u00bb|||\u00bb global_colors_info=\u00bb{}\u00bb custom_padding__hover=\u00bb|||\u00bb][et_pb_blurb image=\u00bbhttps:\/\/diseprosa.com\/wp-content\/uploads\/2021\/09\/exolum-presencia-espana.png\u00bb alt=\u00bbLogo cepsa\u00bb _builder_version=\u00bb4.10.8&#8243; header_font=\u00bbLato||||||||\u00bb header_font_size=\u00bb22px\u00bb header_line_height=\u00bb1.5em\u00bb body_font=\u00bb||||||||\u00bb body_line_height=\u00bb1.8em\u00bb animation=\u00bboff\u00bb locked=\u00bboff\u00bb global_colors_info=\u00bb{}\u00bb]<p>Ingenier\u00eda Integral en Oleoductos, Estaciones de Bombeo, Parques de Almacenamiento, Redes de Distribuci\u00f3n Aeroportuarias, Instalaciones Mar\u00edtimas.<\/p>\n<p>Asistencia T\u00e9cnica e Ingenier\u00eda para el mantenimiento de sus instalaciones.<\/p>\n<p>Direcci\u00f3n y Supervisi\u00f3n de Obra.<\/p>[\/et_pb_blurb][\/et_pb_column][et_pb_column type=\u00bb1_4&#8243; _builder_version=\u00bb3.25&#8243; custom_padding=\u00bb|||\u00bb global_colors_info=\u00bb{}\u00bb custom_padding__hover=\u00bb|||\u00bb][et_pb_blurb image=\u00bbhttps:\/\/diseprosa.com\/wp-content\/uploads\/2021\/09\/enagas-presencia-espana.png\u00bb alt=\u00bbLogo cepsa\u00bb _builder_version=\u00bb4.10.8&#8243; header_font=\u00bbLato||||||||\u00bb header_font_size=\u00bb22px\u00bb header_line_height=\u00bb1.5em\u00bb body_font=\u00bb||||||||\u00bb body_line_height=\u00bb1.8em\u00bb animation=\u00bboff\u00bb locked=\u00bboff\u00bb global_colors_info=\u00bb{}\u00bb]<p>Proyectos de Ingenier\u00eda Integral para gasoductos, Estaciones de Compresi\u00f3n, instalaciones de Estaciones de Regulaci\u00f3n y Medida.<\/p>\n<p>Instalaciones Portuarias para carga y descarga de buques de GNL<\/p>\n<p>Asistencia T\u00e9cnica e Ingenier\u00eda para el mantenimiento de sus instalaciones.<\/p>\n<p>Direcci\u00f3n y Supervisi\u00f3n de Obra.<\/p>[\/et_pb_blurb][\/et_pb_column][et_pb_column type=\u00bb1_4&#8243; _builder_version=\u00bb3.25&#8243; custom_padding=\u00bb|||\u00bb global_colors_info=\u00bb{}\u00bb custom_padding__hover=\u00bb|||\u00bb][et_pb_blurb image=\u00bbhttps:\/\/diseprosa.com\/wp-content\/uploads\/2021\/09\/repsol-presencia-espana.png\u00bb alt=\u00bbLogo cepsa\u00bb _builder_version=\u00bb4.10.8&#8243; header_font=\u00bbLato||||||||\u00bb header_font_size=\u00bb22px\u00bb header_line_height=\u00bb1.5em\u00bb body_font=\u00bb||||||||\u00bb body_line_height=\u00bb1.8em\u00bb animation=\u00bboff\u00bb global_colors_info=\u00bb{}\u00bb]<p>Proyectos de Ingenier\u00eda Integral para combustibles, GLP y revampings en refiner\u00eda, qu\u00edmica y petroqu\u00edmica.<\/p>\n<p>Asesoramiento t\u00e9cnico y supervisi\u00f3n de trabajos medioambientales en el \u00e1mbito de suelos contaminados.<\/p>\n<p>Direcci\u00f3n y Supervisi\u00f3n de Obra.<\/p>[\/et_pb_blurb][\/et_pb_column][et_pb_column type=\u00bb1_4&#8243; _builder_version=\u00bb3.25&#8243; custom_padding=\u00bb|||\u00bb global_colors_info=\u00bb{}\u00bb custom_padding__hover=\u00bb|||\u00bb][et_pb_blurb image=\u00bbhttps:\/\/diseprosa.com\/wp-content\/uploads\/2021\/09\/disa-presencia-espana.png\u00bb alt=\u00bbLogo disa\u00bb _builder_version=\u00bb4.10.8&#8243; header_font=\u00bbLato||||||||\u00bb header_font_size=\u00bb22px\u00bb header_line_height=\u00bb1.5em\u00bb body_font=\u00bb||||||||\u00bb body_line_height=\u00bb1.8em\u00bb animation=\u00bboff\u00bb locked=\u00bboff\u00bb global_colors_info=\u00bb{}\u00bb]<p>Proyectos de Ingenier\u00eda integral para instalaciones de almacenamiento y oleoductos.<\/p>\n<p>Asistencia T\u00e9cnica e Ingenier\u00eda para el mantenimiento de sus instalaciones.<\/p>\n<p>Direcci\u00f3n y Supervisi\u00f3n de obra.<\/p>[\/et_pb_blurb][\/et_pb_column][\/et_pb_row][\/et_pb_section]\n","protected":false},"excerpt":{"rendered":"<p>Posici\u00f3n en Espa\u00f1a Nuestros principales clientes.Ingenier\u00eda Integral en Oleoductos, Estaciones de Bombeo, Parques de Almacenamiento, Redes de Distribuci\u00f3n Aeroportuarias, Instalaciones Mar\u00edtimas. Asistencia T\u00e9cnica e Ingenier\u00eda para el mantenimiento de sus instalaciones. Direcci\u00f3n y Supervisi\u00f3n de Obra.Proyectos de Ingenier\u00eda Integral para gasoductos, Estaciones de Compresi\u00f3n, instalaciones de Estaciones de Regulaci\u00f3n y Medida. Instalaciones Portuarias para carga [&hellip;]<\/p>\n","protected":false},"author":1,"featured_media":390,"parent":357,"menu_order":0,"comment_status":"closed","ping_status":"closed","template":"","meta":{"_et_pb_use_builder":"on","_et_pb_old_content":"<!-- wp:divi\/placeholder \/-->","_et_gb_content_width":"","footnotes":""},"class_list":["post-1013","page","type-page","status-publish","has-post-thumbnail","hentry"],"_links":{"self":[{"href":"https:\/\/diseprosa.com\/fr\/wp-json\/wp\/v2\/pages\/1013","targetHints":{"allow":["GET"]}}],"collection":[{"href":"https:\/\/diseprosa.com\/fr\/wp-json\/wp\/v2\/pages"}],"about":[{"href":"https:\/\/diseprosa.com\/fr\/wp-json\/wp\/v2\/types\/page"}],"author":[{"embeddable":true,"href":"https:\/\/diseprosa.com\/fr\/wp-json\/wp\/v2\/users\/1"}],"replies":[{"embeddable":true,"href":"https:\/\/diseprosa.com\/fr\/wp-json\/wp\/v2\/comments?post=1013"}],"version-history":[{"count":0,"href":"https:\/\/diseprosa.com\/fr\/wp-json\/wp\/v2\/pages\/1013\/revisions"}],"up":[{"embeddable":true,"href":"https:\/\/diseprosa.com\/fr\/wp-json\/wp\/v2\/pages\/357"}],"wp:featuredmedia":[{"embeddable":true,"href":"https:\/\/diseprosa.com\/fr\/wp-json\/wp\/v2\/media\/390"}],"wp:attachment":[{"href":"https:\/\/diseprosa.com\/fr\/wp-json\/wp\/v2\/media?parent=1013"}],"curies":[{"name":"wp","href":"https:\/\/api.w.org\/{rel}","templated":true}]}}