{"id":433,"date":"2021-09-15T14:00:32","date_gmt":"2021-09-15T14:00:32","guid":{"rendered":"https:\/\/diseprosa.com\/?page_id=433"},"modified":"2021-11-05T17:00:35","modified_gmt":"2021-11-05T17:00:35","slug":"servicios","status":"publish","type":"page","link":"https:\/\/diseprosa.com\/en\/servicios\/","title":{"rendered":"Engineering"},"content":{"rendered":"\n\n\n[et_pb_section fb_built=\u00bb1&#8243; inner_shadow=\u00bbon\u00bb fullwidth=\u00bbon\u00bb _builder_version=\u00bb4.10.7&#8243; custom_margin=\u00bb||||false|false\u00bb custom_padding=\u00bb||||false|false\u00bb animation_style=\u00bbfade\u00bb animation_direction=\u00bbtop\u00bb animation_duration=\u00bb500ms\u00bb global_colors_info=\u00bb{}\u00bb][et_pb_fullwidth_header subhead=\u00bbNuestros Servicios\u00bb _builder_version=\u00bb4.11.3&#8243; title_font=\u00bb||||||||\u00bb title_font_size=\u00bb17px\u00bb title_letter_spacing=\u00bb4px\u00bb content_font=\u00bb||||||||\u00bb content_font_size=\u00bb20px\u00bb content_line_height=\u00bb1.8em\u00bb subhead_font=\u00bb|700|||||||\u00bb subhead_font_size=\u00bb40px\u00bb subhead_letter_spacing=\u00bb-1px\u00bb subhead_line_height=\u00bb2.1em\u00bb background_color=\u00bbrgba(255, 255, 255, 0)\u00bb use_background_color_gradient=\u00bbon\u00bb background_color_gradient_start=\u00bbrgba(0,0,0,0.14)\u00bb background_color_gradient_end=\u00bbrgba(0,0,0,0.48)\u00bb background_color_gradient_type=\u00bbradial\u00bb background_color_gradient_overlays_image=\u00bbon\u00bb background_image=\u00bbhttps:\/\/diseprosa.com\/wp-content\/uploads\/2021\/09\/servicios-scaled.jpg\u00bb custom_button_one=\u00bbon\u00bb button_one_text_size=\u00bb18px\u00bb button_one_bg_color=\u00bb#02d002&#8243; button_one_border_width=\u00bb8px\u00bb button_one_border_color=\u00bb#02d002&#8243; button_one_border_radius=\u00bb0px\u00bb button_one_letter_spacing=\u00bb1px\u00bb button_one_font=\u00bbLato|700|||||||\u00bb button_one_use_icon=\u00bboff\u00bb custom_margin=\u00bb|||0px|false|false\u00bb custom_padding=\u00bb190px||190px||false|false\u00bb hover_enabled=\u00bb0&#8243; button_one_letter_spacing_hover=\u00bb1px\u00bb button_two_letter_spacing_hover=\u00bb1px\u00bb global_colors_info=\u00bb{}\u00bb button_one_text_size__hover_enabled=\u00bboff\u00bb button_two_text_size__hover_enabled=\u00bboff\u00bb button_one_text_color__hover_enabled=\u00bboff\u00bb button_two_text_color__hover_enabled=\u00bboff\u00bb button_one_border_width__hover_enabled=\u00bboff\u00bb button_two_border_width__hover_enabled=\u00bboff\u00bb button_one_border_color__hover_enabled=\u00bboff\u00bb button_two_border_color__hover_enabled=\u00bboff\u00bb button_one_border_radius__hover_enabled=\u00bboff\u00bb button_two_border_radius__hover_enabled=\u00bboff\u00bb button_one_letter_spacing__hover_enabled=\u00bbon\u00bb button_one_letter_spacing__hover=\u00bb1px\u00bb button_two_letter_spacing__hover_enabled=\u00bbon\u00bb button_two_letter_spacing__hover=\u00bb1px\u00bb button_one_bg_color__hover_enabled=\u00bboff\u00bb button_two_bg_color__hover_enabled=\u00bboff\u00bb subhead_font_size_last_edited=\u00bbon|phone\u00bb sticky_enabled=\u00bb0&#8243; subhead_font_size_phone=\u00bb28px\u00bb custom_padding_last_edited=\u00bbon|phone\u00bb custom_padding_phone=\u00bb50px||70px||false|false\u00bb][\/et_pb_fullwidth_header][\/et_pb_section][et_pb_section fb_built=\u00bb1&#8243; _builder_version=\u00bb4.10.8&#8243; _module_preset=\u00bbdefault\u00bb custom_padding=\u00bb0px||0px||false|false\u00bb global_colors_info=\u00bb{}\u00bb][et_pb_row use_custom_gutter=\u00bbon\u00bb gutter_width=\u00bb3&#8243; make_equal=\u00bbon\u00bb _builder_version=\u00bb4.10.8&#8243; _module_preset=\u00bbdefault\u00bb module_alignment=\u00bbcenter\u00bb custom_margin=\u00bb0px|auto||auto|false|false\u00bb custom_padding=\u00bb0px||0px||false|false\u00bb global_colors_info=\u00bb{}\u00bb][et_pb_column type=\u00bb4_4&#8243; _builder_version=\u00bb4.10.8&#8243; _module_preset=\u00bbdefault\u00bb custom_padding=\u00bb||||false|false\u00bb global_colors_info=\u00bb{}\u00bb][et_pb_code _builder_version=\u00bb4.10.8&#8243; _module_preset=\u00bbdefault\u00bb custom_margin=\u00bb0px||||false|false\u00bb custom_padding=\u00bb||||false|false\u00bb global_colors_info=\u00bb{}\u00bb]<div class=\"submenu\"><!-- [et_pb_line_break_holder] --><div class=\"submenuitem abierto\"><a aria-current=\"page\" href=\"\/servicios\/\">Ingenier\u00eda<\/a><!-- [et_pb_line_break_holder] -->\t<div class=\"suelo-active\"><\/div><\/div><!-- [et_pb_line_break_holder] -->\t<div class=\"submenuitem cerrado\"><a aria-current=\"page\" href=\"\/servicios\/consultoria-tecnica\">Consultor\u00eda T\u00e9cnica<\/a><!-- [et_pb_line_break_holder] -->\t<div class=\"suelo-inactive\"><\/div><\/div><!-- [et_pb_line_break_holder] -->  <div class=\"submenuitem cerrado\"><a aria-current=\"page\" href=\"\/servicios\/consultoria-medioambiental\">Consultor\u00eda Medioambiental<\/a><!-- [et_pb_line_break_holder] -->\t<div class=\"suelo-inactive\"><\/div><\/div><!-- [et_pb_line_break_holder] --><\/div>[\/et_pb_code][\/et_pb_column][\/et_pb_row][\/et_pb_section][et_pb_section fb_built=\u00bb1&#8243; admin_label=\u00bbOur Story Section\u00bb _builder_version=\u00bb4.11.0&#8243; background_color=\u00bb#ffffff\u00bb background_enable_image=\u00bboff\u00bb background_size=\u00bbcontain\u00bb background_blend=\u00bbmultiply\u00bb custom_margin=\u00bb||||false|false\u00bb custom_padding=\u00bb40px||0px||false|false\u00bb box_shadow_style=\u00bbpreset6&#8243; global_colors_info=\u00bb{}\u00bb][et_pb_row use_custom_gutter=\u00bbon\u00bb _builder_version=\u00bb4.10.8&#8243; _module_preset=\u00bbdefault\u00bb module_alignment=\u00bbcenter\u00bb custom_margin=\u00bb|auto||auto|false|false\u00bb custom_padding=\u00bb0px||0px|||\u00bb global_colors_info=\u00bb{}\u00bb][et_pb_column type=\u00bb4_4&#8243; _builder_version=\u00bb4.10.7&#8243; _module_preset=\u00bbdefault\u00bb global_colors_info=\u00bb{}\u00bb][et_pb_text _builder_version=\u00bb4.10.7&#8243; _module_preset=\u00bbdefault\u00bb text_font=\u00bb|600|||||||\u00bb text_font_size=\u00bb19px\u00bb header_2_font=\u00bb||||||||\u00bb header_2_letter_spacing=\u00bb-0.2px\u00bb custom_padding=\u00bb||0px|||\u00bb global_colors_info=\u00bb{}\u00bb]<h2 style=\"text-align: left;\">Ingenier\u00eda<\/h2>\n<p style=\"text-align: left;\">Desarrollo integral de proyectos<\/p>[\/et_pb_text][\/et_pb_column][\/et_pb_row][et_pb_row column_structure=\u00bb1_3,1_3,1_3&#8243; _builder_version=\u00bb4.10.8&#8243; _module_preset=\u00bbdefault\u00bb custom_margin=\u00bb||||false|false\u00bb custom_padding=\u00bb||0px||false|false\u00bb global_colors_info=\u00bb{}\u00bb][et_pb_column type=\u00bb1_3&#8243; _builder_version=\u00bb4.10.7&#8243; _module_preset=\u00bbdefault\u00bb global_colors_info=\u00bb{}\u00bb][et_pb_text _builder_version=\u00bb4.10.7&#8243; _module_preset=\u00bbdefault\u00bb global_colors_info=\u00bb{}\u00bb]<h3>Conceptual<\/h3>\n<ul>\n<li>Desarrollo de dise\u00f1os conceptuales comerciales y asesoramiento.<\/li>\n<li>Estudios de viabilidad t\u00e9cnica y econ\u00f3mica.<\/li>\n<li>Estudios de mercado.<\/li>\n<li>Estrategias de posicionamiento geogr\u00e1fico.<\/li>\n<li>Evaluaci\u00f3n del proceso.<\/li>\n<li>An\u00e1lisis econ\u00f3mico.<\/li>\n<li>An\u00e1lisis del transporte de hidrocarburos por tuber\u00edas, y elecci\u00f3n de la soluci\u00f3n \u00f3ptima.<\/li>\n<li>Proyectos de an\u00e1lisis financiero y de gesti\u00f3n.<\/li>\n<\/ul>[\/et_pb_text][\/et_pb_column][et_pb_column type=\u00bb1_3&#8243; _builder_version=\u00bb4.10.7&#8243; _module_preset=\u00bbdefault\u00bb global_colors_info=\u00bb{}\u00bb][et_pb_text _builder_version=\u00bb4.10.7&#8243; _module_preset=\u00bbdefault\u00bb global_colors_info=\u00bb{}\u00bb]<h3>B\u00e1sica<\/h3>\n<ul>\n<li>Simulaci\u00f3n de Procesos.<\/li>\n<li>Balances de Energ\u00eda y Masa.<\/li>\n<li>Bases de Dise\u00f1o.<\/li>\n<li>Diagramas de Procesos.<\/li>\n<li>An\u00e1lisis Hidr\u00e1ulicos.<\/li>\n<li>Manuales de Uso.<\/li>\n<\/ul>[\/et_pb_text][\/et_pb_column][et_pb_column type=\u00bb1_3&#8243; _builder_version=\u00bb4.10.7&#8243; _module_preset=\u00bbdefault\u00bb global_colors_info=\u00bb{}\u00bb][et_pb_text _builder_version=\u00bb4.11.2&#8243; _module_preset=\u00bbdefault\u00bb global_colors_info=\u00bb{}\u00bb]<h3>De Detalle<\/h3>\n<ul>\n<li>Procesos.<\/li>\n<li>Mec\u00e1nica.<\/li>\n<li>Electricidad.<\/li>\n<li>Civil.<\/li>\n<li>Tuber\u00edas.<\/li>\n<li>Pipelines.<\/li>\n<li>Instrumentaci\u00f3n, Control y Automatizaci\u00f3n.<\/li>\n<li>Comunicaciones.<\/li>\n<li>Seguridad Industrial.<\/li>\n<li>Seguridad Medioambiental.<\/li>\n<li>Presupuesto de inversi\u00f3n.<\/li>\n<\/ul>[\/et_pb_text][\/et_pb_column][\/et_pb_row][et_pb_row _builder_version=\u00bb4.10.8&#8243; _module_preset=\u00bbdefault\u00bb custom_margin=\u00bb||||false|false\u00bb custom_padding=\u00bb0px||100px||false|false\u00bb global_colors_info=\u00bb{}\u00bb][et_pb_column type=\u00bb4_4&#8243; _builder_version=\u00bb4.10.7&#8243; _module_preset=\u00bbdefault\u00bb global_colors_info=\u00bb{}\u00bb][et_pb_text _builder_version=\u00bb4.10.7&#8243; _module_preset=\u00bbdefault\u00bb header_4_font_size=\u00bb16px\u00bb global_colors_info=\u00bb{}\u00bb]<h4>ESTUDIOS DE VIABILIDAD<\/h4>\n<h4>PROYECTOS ADMINISTRATIVOS<\/h4>\n<h4>PROYECTOS LOG\u00cdSTICOS<\/h4>\n<h4>PROYECTOS LLAVE EN MANO<\/h4>[\/et_pb_text][\/et_pb_column][\/et_pb_row][\/et_pb_section]\n\n\n","protected":false},"excerpt":{"rendered":"<p>Ingenier\u00eda Desarrollo integral de proyectosConceptual Desarrollo de dise\u00f1os conceptuales comerciales y asesoramiento. Estudios de viabilidad t\u00e9cnica y econ\u00f3mica. Estudios de mercado. Estrategias de posicionamiento geogr\u00e1fico. Evaluaci\u00f3n del proceso. An\u00e1lisis econ\u00f3mico. An\u00e1lisis del transporte de hidrocarburos por tuber\u00edas, y elecci\u00f3n de la soluci\u00f3n \u00f3ptima. Proyectos de an\u00e1lisis financiero y de gesti\u00f3n. B\u00e1sica Simulaci\u00f3n de Procesos. Balances [&hellip;]<\/p>\n","protected":false},"author":1,"featured_media":650,"parent":0,"menu_order":0,"comment_status":"closed","ping_status":"closed","template":"","meta":{"_et_pb_use_builder":"on","_et_pb_old_content":"","_et_gb_content_width":"","footnotes":""},"class_list":["post-433","page","type-page","status-publish","has-post-thumbnail","hentry"],"_links":{"self":[{"href":"https:\/\/diseprosa.com\/en\/wp-json\/wp\/v2\/pages\/433","targetHints":{"allow":["GET"]}}],"collection":[{"href":"https:\/\/diseprosa.com\/en\/wp-json\/wp\/v2\/pages"}],"about":[{"href":"https:\/\/diseprosa.com\/en\/wp-json\/wp\/v2\/types\/page"}],"author":[{"embeddable":true,"href":"https:\/\/diseprosa.com\/en\/wp-json\/wp\/v2\/users\/1"}],"replies":[{"embeddable":true,"href":"https:\/\/diseprosa.com\/en\/wp-json\/wp\/v2\/comments?post=433"}],"version-history":[{"count":1,"href":"https:\/\/diseprosa.com\/en\/wp-json\/wp\/v2\/pages\/433\/revisions"}],"predecessor-version":[{"id":1599,"href":"https:\/\/diseprosa.com\/en\/wp-json\/wp\/v2\/pages\/433\/revisions\/1599"}],"wp:featuredmedia":[{"embeddable":true,"href":"https:\/\/diseprosa.com\/en\/wp-json\/wp\/v2\/media\/650"}],"wp:attachment":[{"href":"https:\/\/diseprosa.com\/en\/wp-json\/wp\/v2\/media?parent=433"}],"curies":[{"name":"wp","href":"https:\/\/api.w.org\/{rel}","templated":true}]}}