{"id":1109,"date":"2021-09-29T13:48:36","date_gmt":"2021-09-29T13:48:36","guid":{"rendered":"https:\/\/diseprosa.com\/?page_id=1109"},"modified":"2021-11-05T17:02:53","modified_gmt":"2021-11-05T17:02:53","slug":"consultoria-medioambiental","status":"publish","type":"page","link":"https:\/\/diseprosa.com\/en\/servicios\/consultoria-medioambiental\/","title":{"rendered":"Environmental Consultancy"},"content":{"rendered":"\n[et_pb_section fb_built=\u00bb1&#8243; inner_shadow=\u00bbon\u00bb fullwidth=\u00bbon\u00bb _builder_version=\u00bb4.10.7&#8243; custom_margin=\u00bb||||false|false\u00bb custom_padding=\u00bb||||false|false\u00bb animation_style=\u00bbfade\u00bb animation_direction=\u00bbtop\u00bb animation_duration=\u00bb500ms\u00bb global_colors_info=\u00bb{}\u00bb][et_pb_fullwidth_header subhead=\u00bbNuestros Servicios\u00bb _builder_version=\u00bb4.11.3&#8243; title_font=\u00bb||||||||\u00bb title_font_size=\u00bb17px\u00bb title_letter_spacing=\u00bb4px\u00bb content_font=\u00bb||||||||\u00bb content_font_size=\u00bb20px\u00bb content_line_height=\u00bb1.8em\u00bb subhead_font=\u00bb|700|||||||\u00bb subhead_font_size=\u00bb40px\u00bb subhead_letter_spacing=\u00bb-1px\u00bb subhead_line_height=\u00bb2.1em\u00bb background_color=\u00bbrgba(255, 255, 255, 0)\u00bb use_background_color_gradient=\u00bbon\u00bb background_color_gradient_start=\u00bbrgba(0,0,0,0.14)\u00bb background_color_gradient_end=\u00bbrgba(0,0,0,0.48)\u00bb background_color_gradient_type=\u00bbradial\u00bb background_color_gradient_overlays_image=\u00bbon\u00bb background_image=\u00bbhttps:\/\/diseprosa.com\/wp-content\/uploads\/2021\/09\/servicios-scaled.jpg\u00bb custom_button_one=\u00bbon\u00bb button_one_text_size=\u00bb18px\u00bb button_one_bg_color=\u00bb#02d002&#8243; button_one_border_width=\u00bb8px\u00bb button_one_border_color=\u00bb#02d002&#8243; button_one_border_radius=\u00bb0px\u00bb button_one_letter_spacing=\u00bb1px\u00bb button_one_font=\u00bbLato|700|||||||\u00bb button_one_use_icon=\u00bboff\u00bb custom_margin=\u00bb|||0px|false|false\u00bb custom_padding=\u00bb190px||190px||false|false\u00bb hover_enabled=\u00bb0&#8243; button_one_letter_spacing_hover=\u00bb1px\u00bb button_two_letter_spacing_hover=\u00bb1px\u00bb global_colors_info=\u00bb{}\u00bb button_one_text_size__hover_enabled=\u00bboff\u00bb button_two_text_size__hover_enabled=\u00bboff\u00bb button_one_text_color__hover_enabled=\u00bboff\u00bb button_two_text_color__hover_enabled=\u00bboff\u00bb button_one_border_width__hover_enabled=\u00bboff\u00bb button_two_border_width__hover_enabled=\u00bboff\u00bb button_one_border_color__hover_enabled=\u00bboff\u00bb button_two_border_color__hover_enabled=\u00bboff\u00bb button_one_border_radius__hover_enabled=\u00bboff\u00bb button_two_border_radius__hover_enabled=\u00bboff\u00bb button_one_letter_spacing__hover_enabled=\u00bbon\u00bb button_one_letter_spacing__hover=\u00bb1px\u00bb button_two_letter_spacing__hover_enabled=\u00bbon\u00bb button_two_letter_spacing__hover=\u00bb1px\u00bb button_one_bg_color__hover_enabled=\u00bboff\u00bb button_two_bg_color__hover_enabled=\u00bboff\u00bb subhead_font_size_last_edited=\u00bbon|phone\u00bb sticky_enabled=\u00bb0&#8243; subhead_font_size_phone=\u00bb28px\u00bb custom_padding_last_edited=\u00bbon|phone\u00bb custom_padding_phone=\u00bb50px||70px||false|false\u00bb][\/et_pb_fullwidth_header][\/et_pb_section][et_pb_section fb_built=\u00bb1&#8243; _builder_version=\u00bb4.10.8&#8243; _module_preset=\u00bbdefault\u00bb custom_padding=\u00bb0px||0px||false|false\u00bb global_colors_info=\u00bb{}\u00bb][et_pb_row use_custom_gutter=\u00bbon\u00bb gutter_width=\u00bb3&#8243; make_equal=\u00bbon\u00bb _builder_version=\u00bb4.10.8&#8243; _module_preset=\u00bbdefault\u00bb module_alignment=\u00bbcenter\u00bb custom_margin=\u00bb0px|auto||auto|false|false\u00bb custom_padding=\u00bb0px||0px||false|false\u00bb global_colors_info=\u00bb{}\u00bb][et_pb_column type=\u00bb4_4&#8243; _builder_version=\u00bb4.10.8&#8243; _module_preset=\u00bbdefault\u00bb custom_padding=\u00bb||||false|false\u00bb global_colors_info=\u00bb{}\u00bb][et_pb_code _builder_version=\u00bb4.10.8&#8243; _module_preset=\u00bbdefault\u00bb custom_margin=\u00bb0px||||false|false\u00bb custom_padding=\u00bb||||false|false\u00bb global_colors_info=\u00bb{}\u00bb]<div class=\"submenu\"><!-- [et_pb_line_break_holder] --><div class=\"submenuitem cerrado\"><a aria-current=\"page\" href=\"\/servicios\/\">Ingenier\u00eda<\/a><!-- [et_pb_line_break_holder] -->\t<div class=\"suelo-inactive\"><\/div><\/div><!-- [et_pb_line_break_holder] -->\t<div class=\"submenuitem cerrado\"><a aria-current=\"page\" href=\"\/servicios\/consultoria-tecnica\">Consultor\u00eda T\u00e9cnica<\/a><!-- [et_pb_line_break_holder] -->\t<div class=\"suelo-inactive\"><\/div><\/div><!-- [et_pb_line_break_holder] -->  <div class=\"submenuitem abierto\"><a aria-current=\"page\" href=\"\/servicios\/consultoria-medioambiental\">Consultor\u00eda Medioambiental<\/a><!-- [et_pb_line_break_holder] -->\t<div class=\"suelo-active\"><\/div><\/div><!-- [et_pb_line_break_holder] --><\/div>[\/et_pb_code][\/et_pb_column][\/et_pb_row][\/et_pb_section][et_pb_section fb_built=\u00bb1&#8243; admin_label=\u00bbOur Story Section\u00bb _builder_version=\u00bb4.10.8&#8243; background_color=\u00bbrgba(247,247,247,0.57)\u00bb custom_margin=\u00bb||||false|false\u00bb custom_padding=\u00bb40px||0px||false|false\u00bb box_shadow_style=\u00bbpreset6&#8243; global_colors_info=\u00bb{}\u00bb][et_pb_row use_custom_gutter=\u00bbon\u00bb _builder_version=\u00bb4.10.8&#8243; _module_preset=\u00bbdefault\u00bb module_alignment=\u00bbcenter\u00bb custom_margin=\u00bb|auto||auto|false|false\u00bb custom_padding=\u00bb0px||0px|||\u00bb global_colors_info=\u00bb{}\u00bb][et_pb_column type=\u00bb4_4&#8243; _builder_version=\u00bb4.10.7&#8243; _module_preset=\u00bbdefault\u00bb global_colors_info=\u00bb{}\u00bb][et_pb_text _builder_version=\u00bb4.10.7&#8243; _module_preset=\u00bbdefault\u00bb text_font=\u00bb|600|||||||\u00bb text_font_size=\u00bb19px\u00bb header_2_font=\u00bb||||||||\u00bb header_2_letter_spacing=\u00bb-0.2px\u00bb custom_margin=\u00bb||1px|||\u00bb custom_padding=\u00bb||0px|||\u00bb global_colors_info=\u00bb{}\u00bb]<h2 style=\"text-align: left;\">Consultor\u00eda Medioambiental<\/h2>[\/et_pb_text][et_pb_text _builder_version=\u00bb4.10.7&#8243; text_font=\u00bb||||||||\u00bb text_font_size=\u00bb17px\u00bb text_line_height=\u00bb1.8em\u00bb custom_margin=\u00bb||15px|||\u00bb animation_direction=\u00bbleft\u00bb global_colors_info=\u00bb{}\u00bb]<p>Departamento multidisciplinar con m\u00e1s de 15 a\u00f1os de experiencia prestando servicios a grandes compa\u00f1\u00edas petroqu\u00edmicas y financieras.<br \/>Con un importante <i>know<\/i> <i>how<\/i> de suelo especializado en hidrocarburos.<\/p>[\/et_pb_text][\/et_pb_column][\/et_pb_row][et_pb_row column_structure=\u00bb1_2,1_2&#8243; use_custom_gutter=\u00bbon\u00bb make_equal=\u00bbon\u00bb _builder_version=\u00bb4.10.8&#8243; _module_preset=\u00bbdefault\u00bb custom_padding=\u00bb0px||100px||false|false\u00bb global_colors_info=\u00bb{}\u00bb][et_pb_column type=\u00bb1_2&#8243; _builder_version=\u00bb4.10.6&#8243; _module_preset=\u00bbdefault\u00bb global_colors_info=\u00bb{}\u00bb][et_pb_text _builder_version=\u00bb4.10.7&#8243; text_font=\u00bb||||||||\u00bb text_line_height=\u00bb1.8em\u00bb animation_direction=\u00bbleft\u00bb global_colors_info=\u00bb{}\u00bb]<h3>Servicios<\/h3>\n<ul>\n<li>Asesor\u00eda y Consultor\u00eda en Dise\u00f1o, Supervisi\u00f3n y Proyectos de EE.RR, agua, suelo, atm\u00f3sfera, residuos y riesgos.<\/li>\n<li>Requerimientos administrativos.<\/li>\n<li><strong>ISSs<\/strong>, Estudios de Investigaci\u00f3n y Caracterizaci\u00f3n Medioambiental.<\/li>\n<li><strong>ACRs<\/strong>, An\u00e1lisis Cuantitativo de Riesgos Factor Humano (TIER I-II-III) y medioambiental.<\/li>\n<li>Remediaciones \u201cin Situ\u201d y \u201cex Situ\u201d.<\/li>\n<li><strong>EHs<\/strong>, Estudios Hidrogeol\u00f3gicos.<\/li>\n<li><strong>I+D<\/strong>, estudios y aplicaciones.<\/li>\n<li><strong>LBA<\/strong>, Elaboraci\u00f3n de L\u00edneas de Base Ambiental.<\/li>\n<li><strong>PE<\/strong>, Pruebas de Eficiencia.<\/li>\n<li><strong>ERAs<\/strong>, actuaciones seg\u00fan Evaluaci\u00f3n de Riesgos Ambientales.<\/li>\n<\/ul>[\/et_pb_text][\/et_pb_column][et_pb_column type=\u00bb1_2&#8243; _builder_version=\u00bb4.10.6&#8243; _module_preset=\u00bbdefault\u00bb global_colors_info=\u00bb{}\u00bb][et_pb_text _builder_version=\u00bb4.10.7&#8243; text_font=\u00bb||||||||\u00bb text_line_height=\u00bb1.8em\u00bb animation_direction=\u00bbleft\u00bb global_colors_info=\u00bb{}\u00bb]<h3>Campos de Actuaci\u00f3n<\/h3>\n<ul>\n<li>M\u00e1s de 4.500 estaciones de servicio en toda la geograf\u00eda espa\u00f1ola.<\/li>\n<li>Plantas de Almacenamiento de hidrocarburos.<\/li>\n<li>Refiner\u00edas e industrias qu\u00edmicas.<\/li>\n<\/ul>[\/et_pb_text][et_pb_image src=\u00bbhttps:\/\/diseprosa.com\/wp-content\/uploads\/2021\/09\/Gasolinera-repsol.jpg\u00bb alt=\u00bbsoftware ingenier\u00eda diseprosa-1&#8243; title_text=\u00bbGasolinera-repsol\u00bb align=\u00bbcenter\u00bb _builder_version=\u00bb4.10.7&#8243; _module_preset=\u00bbdefault\u00bb max_width=\u00bb350px\u00bb module_alignment=\u00bbleft\u00bb global_colors_info=\u00bb{}\u00bb][\/et_pb_image][\/et_pb_column][\/et_pb_row][\/et_pb_section]\n","protected":false},"excerpt":{"rendered":"<p>Consultor\u00eda MedioambientalDepartamento multidisciplinar con m\u00e1s de 15 a\u00f1os de experiencia prestando servicios a grandes compa\u00f1\u00edas petroqu\u00edmicas y financieras.Con un importante know how de suelo especializado en hidrocarburos.Servicios Asesor\u00eda y Consultor\u00eda en Dise\u00f1o, Supervisi\u00f3n y Proyectos de EE.RR, agua, suelo, atm\u00f3sfera, residuos y riesgos. Requerimientos administrativos. ISSs, Estudios de Investigaci\u00f3n y Caracterizaci\u00f3n Medioambiental. ACRs, An\u00e1lisis Cuantitativo [&hellip;]<\/p>\n","protected":false},"author":1,"featured_media":95,"parent":433,"menu_order":0,"comment_status":"closed","ping_status":"closed","template":"","meta":{"_et_pb_use_builder":"on","_et_pb_old_content":"","_et_gb_content_width":"","footnotes":""},"class_list":["post-1109","page","type-page","status-publish","has-post-thumbnail","hentry"],"_links":{"self":[{"href":"https:\/\/diseprosa.com\/en\/wp-json\/wp\/v2\/pages\/1109","targetHints":{"allow":["GET"]}}],"collection":[{"href":"https:\/\/diseprosa.com\/en\/wp-json\/wp\/v2\/pages"}],"about":[{"href":"https:\/\/diseprosa.com\/en\/wp-json\/wp\/v2\/types\/page"}],"author":[{"embeddable":true,"href":"https:\/\/diseprosa.com\/en\/wp-json\/wp\/v2\/users\/1"}],"replies":[{"embeddable":true,"href":"https:\/\/diseprosa.com\/en\/wp-json\/wp\/v2\/comments?post=1109"}],"version-history":[{"count":1,"href":"https:\/\/diseprosa.com\/en\/wp-json\/wp\/v2\/pages\/1109\/revisions"}],"predecessor-version":[{"id":1602,"href":"https:\/\/diseprosa.com\/en\/wp-json\/wp\/v2\/pages\/1109\/revisions\/1602"}],"up":[{"embeddable":true,"href":"https:\/\/diseprosa.com\/en\/wp-json\/wp\/v2\/pages\/433"}],"wp:featuredmedia":[{"embeddable":true,"href":"https:\/\/diseprosa.com\/en\/wp-json\/wp\/v2\/media\/95"}],"wp:attachment":[{"href":"https:\/\/diseprosa.com\/en\/wp-json\/wp\/v2\/media?parent=1109"}],"curies":[{"name":"wp","href":"https:\/\/api.w.org\/{rel}","templated":true}]}}